{"id":48,"date":"2021-06-08T10:41:55","date_gmt":"2021-06-08T08:41:55","guid":{"rendered":"http:\/\/www.agriberia.fr\/?page_id=48"},"modified":"2021-06-08T16:13:44","modified_gmt":"2021-06-08T14:13:44","slug":"messages-de-prevention","status":"publish","type":"page","link":"https:\/\/www.agriberia.fr\/pt\/messages-de-prevention\/","title":{"rendered":"Messages de pr\u00e9vention"},"content":{"rendered":"<div data-elementor-type=\"wp-page\" data-elementor-id=\"48\" class=\"elementor elementor-48\">\n\t\t\t\t\t\t<section class=\"elementor-section elementor-top-section elementor-element elementor-element-923e9c6 elementor-section-content-middle elementor-section-boxed elementor-section-height-default elementor-section-height-default\" data-id=\"923e9c6\" data-element_type=\"section\" data-settings=\"{&quot;background_background&quot;:&quot;classic&quot;}\">\n\t\t\t\t\t\t<div class=\"elementor-container elementor-column-gap-no\">\n\t\t\t\t\t<div class=\"elementor-column elementor-col-50 elementor-top-column elementor-element elementor-element-0ff818d\" data-id=\"0ff818d\" data-element_type=\"column\">\n\t\t\t<div class=\"elementor-widget-wrap elementor-element-populated\">\n\t\t\t\t\t\t<div class=\"elementor-element elementor-element-7344b6e elementor-widget-divider--view-line elementor-widget elementor-widget-divider\" data-id=\"7344b6e\" data-element_type=\"widget\" data-widget_type=\"divider.default\">\n\t\t\t\t<div class=\"elementor-widget-container\">\n\t\t\t\t\t<div class=\"elementor-divider\">\n\t\t\t<span class=\"elementor-divider-separator\">\n\t\t\t\t\t\t<\/span>\n\t\t<\/div>\n\t\t\t\t<\/div>\n\t\t\t\t<\/div>\n\t\t\t\t<div class=\"elementor-element elementor-element-0e48a6a elementor-widget elementor-widget-heading\" data-id=\"0e48a6a\" data-element_type=\"widget\" data-widget_type=\"heading.default\">\n\t\t\t\t<div class=\"elementor-widget-container\">\n\t\t\t<h2 class=\"elementor-heading-title elementor-size-default\">Mensagens de preven\u00e7\u00e3o<\/h2>\t\t<\/div>\n\t\t\t\t<\/div>\n\t\t\t\t\t<\/div>\n\t\t<\/div>\n\t\t\t\t<div class=\"elementor-column elementor-col-50 elementor-top-column elementor-element elementor-element-730fda4\" data-id=\"730fda4\" data-element_type=\"column\">\n\t\t\t<div class=\"elementor-widget-wrap elementor-element-populated\">\n\t\t\t\t\t\t<div class=\"elementor-element elementor-element-1603317 elementor-widget elementor-widget-text-editor\" data-id=\"1603317\" data-element_type=\"widget\" data-widget_type=\"text-editor.default\">\n\t\t\t\t<div class=\"elementor-widget-container\">\n\t\t\t\t\t\t\t<div><p>\"O abuso do \u00e1lcool \u00e9 perigoso para a sua sa\u00fade, consumir com modera\u00e7\u00e3o\".<\/p><p>\"Para a sua sa\u00fade, coma pelo menos cinco frutas e legumes por dia.\u00a0\"<\/p><p>\"Para a sua sa\u00fade, pratique atividade f\u00edsica regular\".<\/p><p>\"Para a sua sa\u00fade, evite comer demasiada gordura, demasiado a\u00e7\u00facar, demasiado sal\".<\/p><\/div><div>\u00a0<\/div>\t\t\t\t\t\t<\/div>\n\t\t\t\t<\/div>\n\t\t\t\t\t<\/div>\n\t\t<\/div>\n\t\t\t\t\t<\/div>\n\t\t<\/section>\n\t\t\t\t<\/div>","protected":false},"excerpt":{"rendered":"<p>Messages de pr\u00e9ventions \u201cL\u2019abus d\u2019alcool est dangereux pour la sant\u00e9, consommez avec mod\u00e9ration.\u201d \u201cPour votre sant\u00e9, mangez au moins cinq fruits et l\u00e9gumes par jour.\u00a0\u00bb \u201cPour votre sant\u00e9, pratiquez une activit\u00e9 physique r\u00e9guli\u00e8re.\u201d \u201cPour votre sant\u00e9, \u00e9vitez de manger trop gras, trop sucr\u00e9, trop sal\u00e9.\u201d \u00a0<\/p>","protected":false},"author":1,"featured_media":0,"parent":0,"menu_order":0,"comment_status":"closed","ping_status":"closed","template":"","meta":{"_kad_post_transparent":"","_kad_post_title":"hide","_kad_post_layout":"fullwidth","_kad_post_sidebar_id":"","_kad_post_content_style":"unboxed","_kad_post_vertical_padding":"hide","_kad_post_feature":"hide","_kad_post_feature_position":"","_kad_post_header":false,"_kad_post_footer":false,"footnotes":""},"class_list":["post-48","page","type-page","status-publish","hentry"],"yoast_head":"<!-- This site is optimized with the Yoast SEO plugin v27.5 - https:\/\/yoast.com\/product\/yoast-seo-wordpress\/ -->\n<title>Messages de pr\u00e9vention - Agriberia<\/title>\n<meta name=\"robots\" content=\"index, follow, max-snippet:-1, max-image-preview:large, max-video-preview:-1\" \/>\n<link rel=\"canonical\" href=\"https:\/\/www.agriberia.fr\/pt\/messages-de-prevention\/\" \/>\n<meta property=\"og:locale\" content=\"pt_PT\" \/>\n<meta property=\"og:type\" content=\"article\" \/>\n<meta property=\"og:title\" content=\"Messages de pr\u00e9vention - Agriberia\" \/>\n<meta property=\"og:description\" content=\"Messages de pr\u00e9ventions \u201cL\u2019abus d\u2019alcool est dangereux pour la sant\u00e9, consommez avec mod\u00e9ration.\u201d \u201cPour votre sant\u00e9, mangez au moins cinq fruits et l\u00e9gumes par jour.\u00a0\u00bb \u201cPour votre sant\u00e9, pratiquez une activit\u00e9 physique r\u00e9guli\u00e8re.\u201d \u201cPour votre sant\u00e9, \u00e9vitez de manger trop gras, trop sucr\u00e9, trop sal\u00e9.\u201d \u00a0\" \/>\n<meta property=\"og:url\" content=\"https:\/\/www.agriberia.fr\/pt\/messages-de-prevention\/\" \/>\n<meta property=\"og:site_name\" content=\"Agriberia\" \/>\n<meta property=\"article:publisher\" content=\"https:\/\/fr-fr.facebook.com\/agriberia\/\" \/>\n<meta property=\"article:modified_time\" content=\"2021-06-08T14:13:44+00:00\" \/>\n<meta name=\"twitter:card\" content=\"summary_large_image\" \/>\n<meta name=\"twitter:label1\" content=\"Tempo estimado de leitura\" \/>\n\t<meta name=\"twitter:data1\" content=\"1 minuto\" \/>\n<script type=\"application\/ld+json\" class=\"yoast-schema-graph\">{\"@context\":\"https:\\\/\\\/schema.org\",\"@graph\":[{\"@type\":\"WebPage\",\"@id\":\"https:\\\/\\\/www.agriberia.fr\\\/messages-de-prevention\\\/\",\"url\":\"https:\\\/\\\/www.agriberia.fr\\\/messages-de-prevention\\\/\",\"name\":\"Messages de pr\u00e9vention - Agriberia\",\"isPartOf\":{\"@id\":\"https:\\\/\\\/www.agriberia.fr\\\/#website\"},\"datePublished\":\"2021-06-08T08:41:55+00:00\",\"dateModified\":\"2021-06-08T14:13:44+00:00\",\"breadcrumb\":{\"@id\":\"https:\\\/\\\/www.agriberia.fr\\\/messages-de-prevention\\\/#breadcrumb\"},\"inLanguage\":\"pt-PT\",\"potentialAction\":[{\"@type\":\"ReadAction\",\"target\":[\"https:\\\/\\\/www.agriberia.fr\\\/messages-de-prevention\\\/\"]}]},{\"@type\":\"BreadcrumbList\",\"@id\":\"https:\\\/\\\/www.agriberia.fr\\\/messages-de-prevention\\\/#breadcrumb\",\"itemListElement\":[{\"@type\":\"ListItem\",\"position\":1,\"name\":\"Accueil\",\"item\":\"https:\\\/\\\/www.agriberia.fr\\\/\"},{\"@type\":\"ListItem\",\"position\":2,\"name\":\"Messages de pr\u00e9vention\"}]},{\"@type\":\"WebSite\",\"@id\":\"https:\\\/\\\/www.agriberia.fr\\\/#website\",\"url\":\"https:\\\/\\\/www.agriberia.fr\\\/\",\"name\":\"Agriberia\",\"description\":\"Agriberia est une entreprise d&#039;import-export dans l&#039;agroalimentaire. De nombreux produits ib\u00e9rique (portugais, espagnol) sont a la carte.\",\"publisher\":{\"@id\":\"https:\\\/\\\/www.agriberia.fr\\\/#organization\"},\"potentialAction\":[{\"@type\":\"SearchAction\",\"target\":{\"@type\":\"EntryPoint\",\"urlTemplate\":\"https:\\\/\\\/www.agriberia.fr\\\/?s={search_term_string}\"},\"query-input\":{\"@type\":\"PropertyValueSpecification\",\"valueRequired\":true,\"valueName\":\"search_term_string\"}}],\"inLanguage\":\"pt-PT\"},{\"@type\":\"Organization\",\"@id\":\"https:\\\/\\\/www.agriberia.fr\\\/#organization\",\"name\":\"Agriberia\",\"url\":\"https:\\\/\\\/www.agriberia.fr\\\/\",\"logo\":{\"@type\":\"ImageObject\",\"inLanguage\":\"pt-PT\",\"@id\":\"https:\\\/\\\/www.agriberia.fr\\\/#\\\/schema\\\/logo\\\/image\\\/\",\"url\":\"https:\\\/\\\/www.agriberia.fr\\\/wp-content\\\/uploads\\\/2021\\\/06\\\/logo-agriberia-300x121-1.png\",\"contentUrl\":\"https:\\\/\\\/www.agriberia.fr\\\/wp-content\\\/uploads\\\/2021\\\/06\\\/logo-agriberia-300x121-1.png\",\"width\":300,\"height\":121,\"caption\":\"Agriberia\"},\"image\":{\"@id\":\"https:\\\/\\\/www.agriberia.fr\\\/#\\\/schema\\\/logo\\\/image\\\/\"},\"sameAs\":[\"https:\\\/\\\/fr-fr.facebook.com\\\/agriberia\\\/\",\"https:\\\/\\\/fr.linkedin.com\\\/company\\\/agriberia-importexport\"]}]}<\/script>\n<!-- \/ Yoast SEO plugin. -->","yoast_head_json":{"title":"Messages de pr\u00e9vention - Agriberia","robots":{"index":"index","follow":"follow","max-snippet":"max-snippet:-1","max-image-preview":"max-image-preview:large","max-video-preview":"max-video-preview:-1"},"canonical":"https:\/\/www.agriberia.fr\/pt\/messages-de-prevention\/","og_locale":"pt_PT","og_type":"article","og_title":"Messages de pr\u00e9vention - Agriberia","og_description":"Messages de pr\u00e9ventions \u201cL\u2019abus d\u2019alcool est dangereux pour la sant\u00e9, consommez avec mod\u00e9ration.\u201d \u201cPour votre sant\u00e9, mangez au moins cinq fruits et l\u00e9gumes par jour.\u00a0\u00bb \u201cPour votre sant\u00e9, pratiquez une activit\u00e9 physique r\u00e9guli\u00e8re.\u201d \u201cPour votre sant\u00e9, \u00e9vitez de manger trop gras, trop sucr\u00e9, trop sal\u00e9.\u201d \u00a0","og_url":"https:\/\/www.agriberia.fr\/pt\/messages-de-prevention\/","og_site_name":"Agriberia","article_publisher":"https:\/\/fr-fr.facebook.com\/agriberia\/","article_modified_time":"2021-06-08T14:13:44+00:00","twitter_card":"summary_large_image","twitter_misc":{"Tempo estimado de leitura":"1 minuto"},"schema":{"@context":"https:\/\/schema.org","@graph":[{"@type":"WebPage","@id":"https:\/\/www.agriberia.fr\/messages-de-prevention\/","url":"https:\/\/www.agriberia.fr\/messages-de-prevention\/","name":"Messages de pr\u00e9vention - Agriberia","isPartOf":{"@id":"https:\/\/www.agriberia.fr\/#website"},"datePublished":"2021-06-08T08:41:55+00:00","dateModified":"2021-06-08T14:13:44+00:00","breadcrumb":{"@id":"https:\/\/www.agriberia.fr\/messages-de-prevention\/#breadcrumb"},"inLanguage":"pt-PT","potentialAction":[{"@type":"ReadAction","target":["https:\/\/www.agriberia.fr\/messages-de-prevention\/"]}]},{"@type":"BreadcrumbList","@id":"https:\/\/www.agriberia.fr\/messages-de-prevention\/#breadcrumb","itemListElement":[{"@type":"ListItem","position":1,"name":"Accueil","item":"https:\/\/www.agriberia.fr\/"},{"@type":"ListItem","position":2,"name":"Messages de pr\u00e9vention"}]},{"@type":"WebSite","@id":"https:\/\/www.agriberia.fr\/#website","url":"https:\/\/www.agriberia.fr\/","name":"Agriberia","description":"Agriberia est une entreprise d&#039;import-export dans l&#039;agroalimentaire. De nombreux produits ib\u00e9rique (portugais, espagnol) sont a la carte.","publisher":{"@id":"https:\/\/www.agriberia.fr\/#organization"},"potentialAction":[{"@type":"SearchAction","target":{"@type":"EntryPoint","urlTemplate":"https:\/\/www.agriberia.fr\/?s={search_term_string}"},"query-input":{"@type":"PropertyValueSpecification","valueRequired":true,"valueName":"search_term_string"}}],"inLanguage":"pt-PT"},{"@type":"Organization","@id":"https:\/\/www.agriberia.fr\/#organization","name":"Agriberia","url":"https:\/\/www.agriberia.fr\/","logo":{"@type":"ImageObject","inLanguage":"pt-PT","@id":"https:\/\/www.agriberia.fr\/#\/schema\/logo\/image\/","url":"https:\/\/www.agriberia.fr\/wp-content\/uploads\/2021\/06\/logo-agriberia-300x121-1.png","contentUrl":"https:\/\/www.agriberia.fr\/wp-content\/uploads\/2021\/06\/logo-agriberia-300x121-1.png","width":300,"height":121,"caption":"Agriberia"},"image":{"@id":"https:\/\/www.agriberia.fr\/#\/schema\/logo\/image\/"},"sameAs":["https:\/\/fr-fr.facebook.com\/agriberia\/","https:\/\/fr.linkedin.com\/company\/agriberia-importexport"]}]}},"_links":{"self":[{"href":"https:\/\/www.agriberia.fr\/pt\/wp-json\/wp\/v2\/pages\/48","targetHints":{"allow":["GET"]}}],"collection":[{"href":"https:\/\/www.agriberia.fr\/pt\/wp-json\/wp\/v2\/pages"}],"about":[{"href":"https:\/\/www.agriberia.fr\/pt\/wp-json\/wp\/v2\/types\/page"}],"author":[{"embeddable":true,"href":"https:\/\/www.agriberia.fr\/pt\/wp-json\/wp\/v2\/users\/1"}],"replies":[{"embeddable":true,"href":"https:\/\/www.agriberia.fr\/pt\/wp-json\/wp\/v2\/comments?post=48"}],"version-history":[{"count":7,"href":"https:\/\/www.agriberia.fr\/pt\/wp-json\/wp\/v2\/pages\/48\/revisions"}],"predecessor-version":[{"id":247,"href":"https:\/\/www.agriberia.fr\/pt\/wp-json\/wp\/v2\/pages\/48\/revisions\/247"}],"wp:attachment":[{"href":"https:\/\/www.agriberia.fr\/pt\/wp-json\/wp\/v2\/media?parent=48"}],"curies":[{"name":"wp","href":"https:\/\/api.w.org\/{rel}","templated":true}]}}