{"id":35,"date":"2021-06-08T10:38:03","date_gmt":"2021-06-08T08:38:03","guid":{"rendered":"http:\/\/www.agriberia.fr\/?page_id=35"},"modified":"2025-05-13T14:56:56","modified_gmt":"2025-05-13T12:56:56","slug":"contact","status":"publish","type":"page","link":"https:\/\/www.agriberia.fr\/pt\/contact\/","title":{"rendered":"Contactos"},"content":{"rendered":"<div data-elementor-type=\"wp-page\" data-elementor-id=\"35\" class=\"elementor elementor-35\">\n\t\t\t\t\t\t<section class=\"elementor-section elementor-top-section elementor-element elementor-element-4b09f07 elementor-section-full_width elementor-section-height-default elementor-section-height-default\" data-id=\"4b09f07\" data-element_type=\"section\" data-settings=\"{&quot;background_background&quot;:&quot;classic&quot;}\">\n\t\t\t\t\t\t\t<div class=\"elementor-background-overlay\"><\/div>\n\t\t\t\t\t\t\t<div class=\"elementor-container elementor-column-gap-default\">\n\t\t\t\t\t<div class=\"elementor-column elementor-col-100 elementor-top-column elementor-element elementor-element-b024266\" data-id=\"b024266\" data-element_type=\"column\" data-settings=\"{&quot;background_background&quot;:&quot;classic&quot;}\">\n\t\t\t<div class=\"elementor-widget-wrap elementor-element-populated\">\n\t\t\t\t\t\t<div class=\"elementor-element elementor-element-24fbcfb elementor-widget elementor-widget-heading\" data-id=\"24fbcfb\" data-element_type=\"widget\" data-widget_type=\"heading.default\">\n\t\t\t\t<div class=\"elementor-widget-container\">\n\t\t\t<h2 class=\"elementor-heading-title elementor-size-default\">0<a href=\"tel:+33238721120\">2.38.72.11.20<\/a><\/h2>\t\t<\/div>\n\t\t\t\t<\/div>\n\t\t\t\t<div class=\"elementor-element elementor-element-3ca17e2 elementor-widget-divider--view-line elementor-widget elementor-widget-divider\" data-id=\"3ca17e2\" data-element_type=\"widget\" data-widget_type=\"divider.default\">\n\t\t\t\t<div class=\"elementor-widget-container\">\n\t\t\t\t\t<div class=\"elementor-divider\">\n\t\t\t<span class=\"elementor-divider-separator\">\n\t\t\t\t\t\t<\/span>\n\t\t<\/div>\n\t\t\t\t<\/div>\n\t\t\t\t<\/div>\n\t\t\t\t<div class=\"elementor-element elementor-element-6f1c596 elementor-widget elementor-widget-text-editor\" data-id=\"6f1c596\" data-element_type=\"widget\" data-widget_type=\"text-editor.default\">\n\t\t\t\t<div class=\"elementor-widget-container\">\n\t\t\t\t\t\t\t<p>Se tiver alguma d\u00favida, n\u00e3o hesite em contactar-nos!<\/p>\t\t\t\t\t\t<\/div>\n\t\t\t\t<\/div>\n\t\t\t\t\t<\/div>\n\t\t<\/div>\n\t\t\t\t\t<\/div>\n\t\t<\/section>\n\t\t\t\t<section class=\"elementor-section elementor-top-section elementor-element elementor-element-2a2ab63 elementor-section-boxed elementor-section-height-default elementor-section-height-default\" data-id=\"2a2ab63\" data-element_type=\"section\">\n\t\t\t\t\t\t<div class=\"elementor-container elementor-column-gap-default\">\n\t\t\t\t\t<div class=\"elementor-column elementor-col-100 elementor-top-column elementor-element elementor-element-ae928c2\" data-id=\"ae928c2\" data-element_type=\"column\">\n\t\t\t<div class=\"elementor-widget-wrap elementor-element-populated\">\n\t\t\t\t\t\t<div class=\"elementor-element elementor-element-5fd9bc8 elementor-widget elementor-widget-text-editor\" data-id=\"5fd9bc8\" data-element_type=\"widget\" data-widget_type=\"text-editor.default\">\n\t\t\t\t<div class=\"elementor-widget-container\">\n\t\t\t\t\t\t\t<p hidden=\"\">Distributeur Puisque. Portugal Puisque. Espagne Puisque. Ce texte est pr\u00e9sent dans l&rsquo;objectif d&rsquo;augmenter la visibilit\u00e9 du site. Afin que. Ainsi que. Avant tout. De surcroit. Deuxi\u00e8mement. \u00c9galement. Donc. Ensuite. Ou bien. En deuxi\u00e8me lieu. Par ailleurs. Pour prendre un autre exemple; Pr\u00e9c\u00e9demment. Sans parler de. Tout en reconnaissant que. \u00c0 ce jour, \u00e0 ce propos, \u00e0 ce sujet, \u00e0 cet \u00e9gard, \u00e0 compter de, \u00e0 condition que, \u00e0 d\u00e9faut de, \u00e0 force de, \u00e0 juste titre, \u00e0 (la) condition que, \u00e0 la lumi\u00e8re de, \u00e0 l\u2019aide de, \u00e0 l\u2019appui de, \u00e0 l\u2019encontre de, \u00e0 l\u2019\u00e9poque actuelle, \u00e0 l\u2019exception de, \u00e0 l\u2019exclusion de, \u00e0 l\u2019heure actuelle, \u00e0 l\u2019image de, \u00e0 l\u2019instar de, \u00e0 mesure que, \u00e0 moins que, \u00e0 nouveau, \u00e0 partir de, \u00e0 savoir, \u00e0 supposer que, \u00e0 tel point que. Car, C&rsquo;est-\u00e0-dire. En effet. Effectivement. \u00c9tant donn\u00e9 que. Puisque. Entre autres. Notamment.<\/p>\t\t\t\t\t\t<\/div>\n\t\t\t\t<\/div>\n\t\t\t\t\t<\/div>\n\t\t<\/div>\n\t\t\t\t\t<\/div>\n\t\t<\/section>\n\t\t\t\t<section class=\"elementor-section elementor-top-section elementor-element elementor-element-5fb6283 elementor-section-full_width elementor-section-height-default elementor-section-height-default\" data-id=\"5fb6283\" data-element_type=\"section\">\n\t\t\t\t\t\t<div class=\"elementor-container elementor-column-gap-default\">\n\t\t\t\t\t<div class=\"elementor-column elementor-col-100 elementor-top-column elementor-element elementor-element-21245fe\" data-id=\"21245fe\" data-element_type=\"column\">\n\t\t\t<div class=\"elementor-widget-wrap elementor-element-populated\">\n\t\t\t\t\t\t<div class=\"elementor-element elementor-element-22594b1 elementor-widget elementor-widget-heading\" data-id=\"22594b1\" data-element_type=\"widget\" data-widget_type=\"heading.default\">\n\t\t\t\t<div class=\"elementor-widget-container\">\n\t\t\t<h2 class=\"elementor-heading-title elementor-size-default\">Formul\u00e1rio de Contato<\/h2>\t\t<\/div>\n\t\t\t\t<\/div>\n\t\t\t\t<div class=\"elementor-element elementor-element-20ae498 elementor-widget elementor-widget-shortcode\" data-id=\"20ae498\" data-element_type=\"widget\" data-widget_type=\"shortcode.default\">\n\t\t\t\t<div class=\"elementor-widget-container\">\n\t\t\t\t\t<div class=\"elementor-shortcode\"><div class=\"wpforms-container wpforms-container-full\" id=\"wpforms-14\"><form id=\"wpforms-form-14\" class=\"wpforms-validate wpforms-form\" data-formid=\"14\" method=\"post\" enctype=\"multipart\/form-data\" action=\"\/pt\/wp-json\/wp\/v2\/pages\/35\" data-token=\"f24d6a769ee4143308831b306ec4f32c\" data-token-time=\"1777620193\" data-trp-original-action=\"\/pt\/wp-json\/wp\/v2\/pages\/35\"><noscript class=\"wpforms-error-noscript\">Please enable JavaScript in your browser to complete this form.<\/noscript><div class=\"wpforms-field-container\"><div id=\"wpforms-14-field_0-container\" class=\"wpforms-field wpforms-field-name\" data-field-id=\"0\"><label class=\"wpforms-field-label\" for=\"wpforms-14-field_0\">Nome <span class=\"wpforms-required-label\">*<\/span><\/label><div class=\"wpforms-field-row wpforms-field-large\"><div class=\"wpforms-field-row-block wpforms-first wpforms-one-half\"><input type=\"text\" id=\"wpforms-14-field_0\" class=\"wpforms-field-name-first wpforms-field-required\" name=\"wpforms[fields][0][first]\" placeholder=\"Nome\" required><label for=\"wpforms-14-field_0\" class=\"wpforms-field-sublabel after wpforms-sublabel-hide\">First<\/label><\/div><div class=\"wpforms-field-row-block wpforms-one-half\"><input type=\"text\" id=\"wpforms-14-field_0-last\" class=\"wpforms-field-name-last wpforms-field-required\" name=\"wpforms[fields][0][last]\" placeholder=\"Nome\" required><label for=\"wpforms-14-field_0-last\" class=\"wpforms-field-sublabel after wpforms-sublabel-hide\">Last<\/label><\/div><\/div><\/div><div id=\"wpforms-14-field_1-container\" class=\"wpforms-field wpforms-field-email\" data-field-id=\"1\"><label class=\"wpforms-field-label\" for=\"wpforms-14-field_1\">E-mail <span class=\"wpforms-required-label\">*<\/span><\/label><input type=\"email\" id=\"wpforms-14-field_1\" class=\"wpforms-field-large wpforms-field-required\" name=\"wpforms[fields][1]\" placeholder=\"E@mail.com\" spellcheck=\"false\" required><\/div><div id=\"wpforms-14-field_3-container\" class=\"wpforms-field wpforms-field-select wpforms-field-select-style-classic\" data-field-id=\"3\"><label class=\"wpforms-field-label\" for=\"wpforms-14-field_3\">Assunto <span class=\"wpforms-required-label\">*<\/span><\/label><select id=\"wpforms-14-field_3\" class=\"wpforms-field-large wpforms-field-required\" name=\"wpforms[fields][3]\" required=\"required\"><option value=\"Demande d&#039;information\" >Demande d&#039;information<\/option><option value=\"Autres\" >Autres<\/option><option value=\"Recrutement\" >Recrutement<\/option><\/select><\/div><div id=\"wpforms-14-field_2-container\" class=\"wpforms-field wpforms-field-textarea\" data-field-id=\"2\"><label class=\"wpforms-field-label\" for=\"wpforms-14-field_2\">Mensagem <span class=\"wpforms-required-label\">*<\/span><\/label><textarea id=\"wpforms-14-field_2\" class=\"wpforms-field-medium wpforms-field-required\" name=\"wpforms[fields][2]\" required><\/textarea><\/div><\/div><!-- .wpforms-field-container --><div class=\"wpforms-recaptcha-container wpforms-is-recaptcha wpforms-is-recaptcha-type-v3\" ><input type=\"hidden\" name=\"wpforms[recaptcha]\" value=\"\"><\/div><div class=\"wpforms-submit-container\" ><input type=\"hidden\" name=\"wpforms[id]\" value=\"14\"><input type=\"hidden\" name=\"page_title\" value=\"\"><input type=\"hidden\" name=\"page_url\" value=\"https:\/\/www.agriberia.fr\/pt\/wp-json\/wp\/v2\/pages\/35\"><input type=\"hidden\" name=\"url_referer\" value=\"\"><button type=\"submit\" name=\"wpforms[submit]\" id=\"wpforms-submit-14\" class=\"wpforms-submit\" data-alt-text=\"Envoi...\" data-submit-text=\"Envoyer\" aria-live=\"assertive\" value=\"wpforms-submit\">Enviar<\/button><\/div><input type=\"hidden\" name=\"trp-form-language\" value=\"pt\"\/><\/form><\/div>  <!-- .wpforms-container --><\/div>\n\t\t\t\t<\/div>\n\t\t\t\t<\/div>\n\t\t\t\t\t<\/div>\n\t\t<\/div>\n\t\t\t\t\t<\/div>\n\t\t<\/section>\n\t\t\t\t<section class=\"elementor-section elementor-top-section elementor-element elementor-element-c1f0e1d elementor-section-content-middle elementor-section-full_width elementor-section-height-default elementor-section-height-default\" data-id=\"c1f0e1d\" data-element_type=\"section\">\n\t\t\t\t\t\t<div class=\"elementor-container elementor-column-gap-default\">\n\t\t\t\t\t<div class=\"elementor-column elementor-col-50 elementor-top-column elementor-element elementor-element-0c50e24\" data-id=\"0c50e24\" data-element_type=\"column\">\n\t\t\t<div class=\"elementor-widget-wrap elementor-element-populated\">\n\t\t\t\t\t\t<div class=\"elementor-element elementor-element-7c4e508 elementor-widget elementor-widget-heading\" data-id=\"7c4e508\" data-element_type=\"widget\" data-widget_type=\"heading.default\">\n\t\t\t\t<div class=\"elementor-widget-container\">\n\t\t\t<h3 class=\"elementor-heading-title elementor-size-medium\">Informa\u00e7\u00e3o de contacto<\/h3>\t\t<\/div>\n\t\t\t\t<\/div>\n\t\t\t\t<div class=\"elementor-element elementor-element-e0f4bef elementor-widget-divider--view-line elementor-widget elementor-widget-divider\" data-id=\"e0f4bef\" data-element_type=\"widget\" data-widget_type=\"divider.default\">\n\t\t\t\t<div class=\"elementor-widget-container\">\n\t\t\t\t\t<div class=\"elementor-divider\">\n\t\t\t<span class=\"elementor-divider-separator\">\n\t\t\t\t\t\t<\/span>\n\t\t<\/div>\n\t\t\t\t<\/div>\n\t\t\t\t<\/div>\n\t\t\t\t<div class=\"elementor-element elementor-element-f459e87 elementor-widget elementor-widget-text-editor\" data-id=\"f459e87\" data-element_type=\"widget\" data-widget_type=\"text-editor.default\">\n\t\t\t\t<div class=\"elementor-widget-container\">\n\t\t\t\t\t\t\t<p hidden=\"\">Ce texte est pr\u00e9sent dans l&rsquo;objectif d&rsquo;augmenter la visibilit\u00e9 du site. Afin que. Ainsi que. Avant tout. De surcroit. Deuxi\u00e8mement. \u00c9galement. Donc. Ensuite. Ou bien. En deuxi\u00e8me lieu. Par ailleurs. Pour prendre un autre exemple; Pr\u00e9c\u00e9demment. Sans parler de. Tout en reconnaissant que. \u00c0 ce jour, \u00e0 ce propos, \u00e0 ce sujet, \u00e0 cet \u00e9gard, \u00e0 compter de, \u00e0 condition que, \u00e0 d\u00e9faut de, \u00e0 force de, \u00e0 juste titre, \u00e0 (la) condition que, \u00e0 la lumi\u00e8re de, \u00e0 l\u2019aide de, \u00e0 l\u2019appui de, \u00e0 l\u2019encontre de, \u00e0 l\u2019\u00e9poque actuelle, \u00e0 l\u2019exception de, \u00e0 l\u2019exclusion de, \u00e0 l\u2019heure actuelle, \u00e0 l\u2019image de, \u00e0 l\u2019instar de, \u00e0 mesure que, \u00e0 moins que, \u00e0 nouveau, \u00e0 partir de, \u00e0 savoir, \u00e0 supposer que, \u00e0 tel point que. Car, C&rsquo;est-\u00e0-dire. En effet. Effectivement. \u00c9tant donn\u00e9 que. Puisque. Entre autres. Notamment. Par exemple. Autant dire que. Importateur en outre. Or. Puis. D&rsquo;abord importateur ensuite.<\/p>\t\t\t\t\t\t<\/div>\n\t\t\t\t<\/div>\n\t\t\t\t<div class=\"elementor-element elementor-element-ba24173 elementor-icon-list--layout-traditional elementor-list-item-link-full_width elementor-widget elementor-widget-icon-list\" data-id=\"ba24173\" data-element_type=\"widget\" data-widget_type=\"icon-list.default\">\n\t\t\t\t<div class=\"elementor-widget-container\">\n\t\t\t\t\t<ul class=\"elementor-icon-list-items\">\n\t\t\t\t\t\t\t<li class=\"elementor-icon-list-item\">\n\t\t\t\t\t\t\t\t\t\t\t<a href=\"https:\/\/www.google.com\/maps\/place\/Agriberia\/@47.9458031,1.9165577,17z\/data=!3m1!4b1!4m5!3m4!1s0x47e4fba050f2247d:0x5738d307137cbdbe!8m2!3d47.9458031!4d1.9187464\" target=\"_blank\">\n\n\t\t\t\t\t\t\t\t\t\t\t\t<span class=\"elementor-icon-list-icon\">\n\t\t\t\t\t\t\t<i aria-hidden=\"true\" class=\"fas fa-map-marker-alt\"><\/i>\t\t\t\t\t\t<\/span>\n\t\t\t\t\t\t\t\t\t\t<span class=\"elementor-icon-list-text\">Adresse : 3 rue Fr\u00e9d\u00e9ric et Irene Joliot Curie, 45400<br>Fleury-les-Aubrais <\/span>\n\t\t\t\t\t\t\t\t\t\t\t<\/a>\n\t\t\t\t\t\t\t\t\t<\/li>\n\t\t\t\t\t\t\t\t<li class=\"elementor-icon-list-item\">\n\t\t\t\t\t\t\t\t\t\t\t<span class=\"elementor-icon-list-icon\">\n\t\t\t\t\t\t\t<i aria-hidden=\"true\" class=\"fas fa-envelope-square\"><\/i>\t\t\t\t\t\t<\/span>\n\t\t\t\t\t\t\t\t\t\t<span class=\"elementor-icon-list-text\">E-mail : contact@agriberia.fr<\/span>\n\t\t\t\t\t\t\t\t\t<\/li>\n\t\t\t\t\t\t\t\t<li class=\"elementor-icon-list-item\">\n\t\t\t\t\t\t\t\t\t\t\t<span class=\"elementor-icon-list-icon\">\n\t\t\t\t\t\t\t<i aria-hidden=\"true\" class=\"fas fa-phone\"><\/i>\t\t\t\t\t\t<\/span>\n\t\t\t\t\t\t\t\t\t\t<span class=\"elementor-icon-list-text\">02.38.72.11.20<\/span>\n\t\t\t\t\t\t\t\t\t<\/li>\n\t\t\t\t\t\t<\/ul>\n\t\t\t\t<\/div>\n\t\t\t\t<\/div>\n\t\t\t\t\t<\/div>\n\t\t<\/div>\n\t\t\t\t<div class=\"elementor-column elementor-col-50 elementor-top-column elementor-element elementor-element-8a45b96\" data-id=\"8a45b96\" data-element_type=\"column\">\n\t\t\t<div class=\"elementor-widget-wrap elementor-element-populated\">\n\t\t\t\t\t\t<div class=\"elementor-element elementor-element-7451761 elementor-widget elementor-widget-google_maps\" data-id=\"7451761\" data-element_type=\"widget\" data-widget_type=\"google_maps.default\">\n\t\t\t\t<div class=\"elementor-widget-container\">\n\t\t\t\t\t<div class=\"elementor-custom-embed\">\n\t\t\t<iframe loading=\"lazy\"\n\t\t\t\t\tsrc=\"https:\/\/maps.google.com\/maps?q=3%20rue%20Fr%C3%A9d%C3%A9rique%20et%20Irene%20Joliot%20Curie%2C%2045400Fleury-les-Aubrais&#038;t=m&#038;z=10&#038;output=embed&#038;iwloc=near\"\n\t\t\t\t\ttitle=\"3 rue Fr\u00e9d\u00e9rique et Irene Joliot Curie, 45400Fleury-les-Aubrais\"\n\t\t\t\t\taria-label=\"3 rue Fr\u00e9d\u00e9rique et Irene Joliot Curie, 45400Fleury-les-Aubrais\"\n\t\t\t><\/iframe>\n\t\t<\/div>\n\t\t\t\t<\/div>\n\t\t\t\t<\/div>\n\t\t\t\t\t<\/div>\n\t\t<\/div>\n\t\t\t\t\t<\/div>\n\t\t<\/section>\n\t\t\t\t<\/div>","protected":false},"excerpt":{"rendered":"<p>02.38.72.11.20 Pour tout renseignement ou question nous vous invitons \u00e0 nous appeler, n&rsquo;h\u00e9sitez surtout pas ! Distributeur Puisque. Portugal Puisque. Espagne Puisque. Ce texte est pr\u00e9sent dans l&rsquo;objectif d&rsquo;augmenter la visibilit\u00e9 du site. Afin que. Ainsi que. Avant tout. De surcroit. Deuxi\u00e8mement. \u00c9galement. Donc. Ensuite. Ou bien. En deuxi\u00e8me lieu. Par ailleurs. Pour prendre un&#8230;<\/p>","protected":false},"author":1,"featured_media":0,"parent":0,"menu_order":0,"comment_status":"closed","ping_status":"closed","template":"","meta":{"_kad_post_transparent":"","_kad_post_title":"hide","_kad_post_layout":"fullwidth","_kad_post_sidebar_id":"","_kad_post_content_style":"unboxed","_kad_post_vertical_padding":"hide","_kad_post_feature":"hide","_kad_post_feature_position":"","_kad_post_header":false,"_kad_post_footer":false,"footnotes":""},"class_list":["post-35","page","type-page","status-publish","hentry"],"yoast_head":"<!-- This site is optimized with the Yoast SEO plugin v27.5 - https:\/\/yoast.com\/product\/yoast-seo-wordpress\/ -->\n<title>Contact - Agriberia : importateur - exportateur en France<\/title>\n<meta name=\"description\" content=\"Si vous souhaitez des informations sur notre entreprise, sur nos produits ou \u00eatre recrut\u00e9, n&#039;h\u00e9sitez pas \u00e0 consulter notre page de contact.\" \/>\n<meta name=\"robots\" content=\"index, follow, max-snippet:-1, max-image-preview:large, max-video-preview:-1\" \/>\n<link rel=\"canonical\" href=\"https:\/\/www.agriberia.fr\/pt\/contact\/\" \/>\n<meta property=\"og:locale\" content=\"pt_PT\" \/>\n<meta property=\"og:type\" content=\"article\" \/>\n<meta property=\"og:title\" content=\"Contact\" \/>\n<meta property=\"og:description\" content=\"Si vous souhaitez des informations sur notre entreprise, sur nos produits ou \u00eatre recrut\u00e9, n&#039;h\u00e9sitez pas \u00e0 nous contacter.\" \/>\n<meta property=\"og:url\" content=\"https:\/\/www.agriberia.fr\/pt\/contact\/\" \/>\n<meta property=\"og:site_name\" content=\"Agriberia\" \/>\n<meta property=\"article:publisher\" content=\"https:\/\/fr-fr.facebook.com\/agriberia\/\" \/>\n<meta property=\"article:modified_time\" content=\"2025-05-13T12:56:56+00:00\" \/>\n<meta property=\"og:image\" content=\"https:\/\/www.agriberia.fr\/wp-content\/uploads\/2021\/06\/siege-social-agriberia-loca-scaled-1.jpg\" \/>\n\t<meta property=\"og:image:width\" content=\"2560\" \/>\n\t<meta property=\"og:image:height\" content=\"1920\" \/>\n\t<meta property=\"og:image:type\" content=\"image\/jpeg\" \/>\n<meta name=\"twitter:card\" content=\"summary_large_image\" \/>\n<meta name=\"twitter:title\" content=\"Contact\" \/>\n<meta name=\"twitter:description\" content=\"Si vous souhaitez des informations sur notre entreprise, sur nos produits ou \u00eatre recrut\u00e9, n&#039;h\u00e9sitez pas \u00e0 nous contacter.\" \/>\n<meta name=\"twitter:image\" content=\"https:\/\/www.agriberia.fr\/wp-content\/uploads\/2021\/06\/siege-social-agriberia-loca-scaled-1.jpg\" \/>\n<meta name=\"twitter:label1\" content=\"Tempo estimado de leitura\" \/>\n\t<meta name=\"twitter:data1\" content=\"2 minutos\" \/>\n<script type=\"application\/ld+json\" class=\"yoast-schema-graph\">{\"@context\":\"https:\\\/\\\/schema.org\",\"@graph\":[{\"@type\":\"WebPage\",\"@id\":\"https:\\\/\\\/www.agriberia.fr\\\/contact\\\/\",\"url\":\"https:\\\/\\\/www.agriberia.fr\\\/contact\\\/\",\"name\":\"Contact - Agriberia : importateur - exportateur en France\",\"isPartOf\":{\"@id\":\"https:\\\/\\\/www.agriberia.fr\\\/#website\"},\"datePublished\":\"2021-06-08T08:38:03+00:00\",\"dateModified\":\"2025-05-13T12:56:56+00:00\",\"description\":\"Si vous souhaitez des informations sur notre entreprise, sur nos produits ou \u00eatre recrut\u00e9, n'h\u00e9sitez pas \u00e0 consulter notre page de contact.\",\"breadcrumb\":{\"@id\":\"https:\\\/\\\/www.agriberia.fr\\\/contact\\\/#breadcrumb\"},\"inLanguage\":\"pt-PT\",\"potentialAction\":[{\"@type\":\"ReadAction\",\"target\":[\"https:\\\/\\\/www.agriberia.fr\\\/contact\\\/\"]}]},{\"@type\":\"BreadcrumbList\",\"@id\":\"https:\\\/\\\/www.agriberia.fr\\\/contact\\\/#breadcrumb\",\"itemListElement\":[{\"@type\":\"ListItem\",\"position\":1,\"name\":\"Accueil\",\"item\":\"https:\\\/\\\/www.agriberia.fr\\\/\"},{\"@type\":\"ListItem\",\"position\":2,\"name\":\"Contact\"}]},{\"@type\":\"WebSite\",\"@id\":\"https:\\\/\\\/www.agriberia.fr\\\/#website\",\"url\":\"https:\\\/\\\/www.agriberia.fr\\\/\",\"name\":\"Agriberia\",\"description\":\"Agriberia est une entreprise d&#039;import-export dans l&#039;agroalimentaire. De nombreux produits ib\u00e9rique (portugais, espagnol) sont a la carte.\",\"publisher\":{\"@id\":\"https:\\\/\\\/www.agriberia.fr\\\/#organization\"},\"potentialAction\":[{\"@type\":\"SearchAction\",\"target\":{\"@type\":\"EntryPoint\",\"urlTemplate\":\"https:\\\/\\\/www.agriberia.fr\\\/?s={search_term_string}\"},\"query-input\":{\"@type\":\"PropertyValueSpecification\",\"valueRequired\":true,\"valueName\":\"search_term_string\"}}],\"inLanguage\":\"pt-PT\"},{\"@type\":\"Organization\",\"@id\":\"https:\\\/\\\/www.agriberia.fr\\\/#organization\",\"name\":\"Agriberia\",\"url\":\"https:\\\/\\\/www.agriberia.fr\\\/\",\"logo\":{\"@type\":\"ImageObject\",\"inLanguage\":\"pt-PT\",\"@id\":\"https:\\\/\\\/www.agriberia.fr\\\/#\\\/schema\\\/logo\\\/image\\\/\",\"url\":\"https:\\\/\\\/www.agriberia.fr\\\/wp-content\\\/uploads\\\/2021\\\/06\\\/logo-agriberia-300x121-1.png\",\"contentUrl\":\"https:\\\/\\\/www.agriberia.fr\\\/wp-content\\\/uploads\\\/2021\\\/06\\\/logo-agriberia-300x121-1.png\",\"width\":300,\"height\":121,\"caption\":\"Agriberia\"},\"image\":{\"@id\":\"https:\\\/\\\/www.agriberia.fr\\\/#\\\/schema\\\/logo\\\/image\\\/\"},\"sameAs\":[\"https:\\\/\\\/fr-fr.facebook.com\\\/agriberia\\\/\",\"https:\\\/\\\/fr.linkedin.com\\\/company\\\/agriberia-importexport\"]}]}<\/script>\n<!-- \/ Yoast SEO plugin. -->","yoast_head_json":{"title":"Contact - Agriberia : importateur - exportateur en France","description":"Si vous souhaitez des informations sur notre entreprise, sur nos produits ou \u00eatre recrut\u00e9, n'h\u00e9sitez pas \u00e0 consulter notre page de contact.","robots":{"index":"index","follow":"follow","max-snippet":"max-snippet:-1","max-image-preview":"max-image-preview:large","max-video-preview":"max-video-preview:-1"},"canonical":"https:\/\/www.agriberia.fr\/pt\/contact\/","og_locale":"pt_PT","og_type":"article","og_title":"Contact","og_description":"Si vous souhaitez des informations sur notre entreprise, sur nos produits ou \u00eatre recrut\u00e9, n'h\u00e9sitez pas \u00e0 nous contacter.","og_url":"https:\/\/www.agriberia.fr\/pt\/contact\/","og_site_name":"Agriberia","article_publisher":"https:\/\/fr-fr.facebook.com\/agriberia\/","article_modified_time":"2025-05-13T12:56:56+00:00","og_image":[{"width":2560,"height":1920,"url":"https:\/\/www.agriberia.fr\/wp-content\/uploads\/2021\/06\/siege-social-agriberia-loca-scaled-1.jpg","type":"image\/jpeg"}],"twitter_card":"summary_large_image","twitter_title":"Contact","twitter_description":"Si vous souhaitez des informations sur notre entreprise, sur nos produits ou \u00eatre recrut\u00e9, n'h\u00e9sitez pas \u00e0 nous contacter.","twitter_image":"https:\/\/www.agriberia.fr\/wp-content\/uploads\/2021\/06\/siege-social-agriberia-loca-scaled-1.jpg","twitter_misc":{"Tempo estimado de leitura":"2 minutos"},"schema":{"@context":"https:\/\/schema.org","@graph":[{"@type":"WebPage","@id":"https:\/\/www.agriberia.fr\/contact\/","url":"https:\/\/www.agriberia.fr\/contact\/","name":"Contact - Agriberia : importateur - exportateur en France","isPartOf":{"@id":"https:\/\/www.agriberia.fr\/#website"},"datePublished":"2021-06-08T08:38:03+00:00","dateModified":"2025-05-13T12:56:56+00:00","description":"Si vous souhaitez des informations sur notre entreprise, sur nos produits ou \u00eatre recrut\u00e9, n'h\u00e9sitez pas \u00e0 consulter notre page de contact.","breadcrumb":{"@id":"https:\/\/www.agriberia.fr\/contact\/#breadcrumb"},"inLanguage":"pt-PT","potentialAction":[{"@type":"ReadAction","target":["https:\/\/www.agriberia.fr\/contact\/"]}]},{"@type":"BreadcrumbList","@id":"https:\/\/www.agriberia.fr\/contact\/#breadcrumb","itemListElement":[{"@type":"ListItem","position":1,"name":"Accueil","item":"https:\/\/www.agriberia.fr\/"},{"@type":"ListItem","position":2,"name":"Contact"}]},{"@type":"WebSite","@id":"https:\/\/www.agriberia.fr\/#website","url":"https:\/\/www.agriberia.fr\/","name":"Agriberia","description":"Agriberia est une entreprise d&#039;import-export dans l&#039;agroalimentaire. De nombreux produits ib\u00e9rique (portugais, espagnol) sont a la carte.","publisher":{"@id":"https:\/\/www.agriberia.fr\/#organization"},"potentialAction":[{"@type":"SearchAction","target":{"@type":"EntryPoint","urlTemplate":"https:\/\/www.agriberia.fr\/?s={search_term_string}"},"query-input":{"@type":"PropertyValueSpecification","valueRequired":true,"valueName":"search_term_string"}}],"inLanguage":"pt-PT"},{"@type":"Organization","@id":"https:\/\/www.agriberia.fr\/#organization","name":"Agriberia","url":"https:\/\/www.agriberia.fr\/","logo":{"@type":"ImageObject","inLanguage":"pt-PT","@id":"https:\/\/www.agriberia.fr\/#\/schema\/logo\/image\/","url":"https:\/\/www.agriberia.fr\/wp-content\/uploads\/2021\/06\/logo-agriberia-300x121-1.png","contentUrl":"https:\/\/www.agriberia.fr\/wp-content\/uploads\/2021\/06\/logo-agriberia-300x121-1.png","width":300,"height":121,"caption":"Agriberia"},"image":{"@id":"https:\/\/www.agriberia.fr\/#\/schema\/logo\/image\/"},"sameAs":["https:\/\/fr-fr.facebook.com\/agriberia\/","https:\/\/fr.linkedin.com\/company\/agriberia-importexport"]}]}},"_links":{"self":[{"href":"https:\/\/www.agriberia.fr\/pt\/wp-json\/wp\/v2\/pages\/35","targetHints":{"allow":["GET"]}}],"collection":[{"href":"https:\/\/www.agriberia.fr\/pt\/wp-json\/wp\/v2\/pages"}],"about":[{"href":"https:\/\/www.agriberia.fr\/pt\/wp-json\/wp\/v2\/types\/page"}],"author":[{"embeddable":true,"href":"https:\/\/www.agriberia.fr\/pt\/wp-json\/wp\/v2\/users\/1"}],"replies":[{"embeddable":true,"href":"https:\/\/www.agriberia.fr\/pt\/wp-json\/wp\/v2\/comments?post=35"}],"version-history":[{"count":25,"href":"https:\/\/www.agriberia.fr\/pt\/wp-json\/wp\/v2\/pages\/35\/revisions"}],"predecessor-version":[{"id":943,"href":"https:\/\/www.agriberia.fr\/pt\/wp-json\/wp\/v2\/pages\/35\/revisions\/943"}],"wp:attachment":[{"href":"https:\/\/www.agriberia.fr\/pt\/wp-json\/wp\/v2\/media?parent=35"}],"curies":[{"name":"wp","href":"https:\/\/api.w.org\/{rel}","templated":true}]}}