{"id":3,"date":"2021-06-08T10:05:52","date_gmt":"2021-06-08T08:05:52","guid":{"rendered":"http:\/\/www.agriberia.fr\/?page_id=3"},"modified":"2021-06-08T15:25:02","modified_gmt":"2021-06-08T13:25:02","slug":"politique-de-confidentialite","status":"publish","type":"page","link":"https:\/\/www.agriberia.fr\/pt\/politique-de-confidentialite\/","title":{"rendered":"Pol\u00edtica de privacidade"},"content":{"rendered":"<div data-elementor-type=\"wp-page\" data-elementor-id=\"3\" class=\"elementor elementor-3\">\n\t\t\t\t\t\t<section class=\"elementor-section elementor-top-section elementor-element elementor-element-ba36306 elementor-section-boxed elementor-section-height-default elementor-section-height-default\" data-id=\"ba36306\" data-element_type=\"section\">\n\t\t\t\t\t\t<div class=\"elementor-container elementor-column-gap-default\">\n\t\t\t\t\t<div class=\"elementor-column elementor-col-100 elementor-top-column elementor-element elementor-element-4118161\" data-id=\"4118161\" data-element_type=\"column\">\n\t\t\t<div class=\"elementor-widget-wrap elementor-element-populated\">\n\t\t\t\t\t\t<section class=\"elementor-section elementor-inner-section elementor-element elementor-element-a50981b elementor-section-content-top elementor-section-boxed elementor-section-height-default elementor-section-height-default\" data-id=\"a50981b\" data-element_type=\"section\">\n\t\t\t\t\t\t<div class=\"elementor-container elementor-column-gap-no\">\n\t\t\t\t\t<div class=\"elementor-column elementor-col-50 elementor-inner-column elementor-element elementor-element-5459a53\" data-id=\"5459a53\" data-element_type=\"column\">\n\t\t\t<div class=\"elementor-widget-wrap elementor-element-populated\">\n\t\t\t\t\t\t<div class=\"elementor-element elementor-element-1a3efcd elementor-widget elementor-widget-heading\" data-id=\"1a3efcd\" data-element_type=\"widget\" data-widget_type=\"heading.default\">\n\t\t\t\t<div class=\"elementor-widget-container\">\n\t\t\t<h4 class=\"elementor-heading-title elementor-size-default\">Quem somos n\u00f3s?<\/h4>\t\t<\/div>\n\t\t\t\t<\/div>\n\t\t\t\t<div class=\"elementor-element elementor-element-12cd960 elementor-widget elementor-widget-text-editor\" data-id=\"12cd960\" data-element_type=\"widget\" data-widget_type=\"text-editor.default\">\n\t\t\t\t<div class=\"elementor-widget-container\">\n\t\t\t\t\t\t\t<p>O endere\u00e7o do nosso site \u00e9: http:\/\/www.agriberia.fr.<\/p>\n<p>&nbsp;<\/p>\t\t\t\t\t\t<\/div>\n\t\t\t\t<\/div>\n\t\t\t\t<div class=\"elementor-element elementor-element-f4f987f elementor-widget elementor-widget-heading\" data-id=\"f4f987f\" data-element_type=\"widget\" data-widget_type=\"heading.default\">\n\t\t\t\t<div class=\"elementor-widget-container\">\n\t\t\t<h4 class=\"elementor-heading-title elementor-size-default\">Coment\u00e1rios <span style=\"font-style: inherit;\"><\/span><br><\/h4>\t\t<\/div>\n\t\t\t\t<\/div>\n\t\t\t\t<div class=\"elementor-element elementor-element-ff438c2 elementor-widget elementor-widget-text-editor\" data-id=\"ff438c2\" data-element_type=\"widget\" data-widget_type=\"text-editor.default\">\n\t\t\t\t<div class=\"elementor-widget-container\">\n\t\t\t\t\t\t\t<p>Quando deixa um coment\u00e1rio no nosso site, os dados introduzidos no formul\u00e1rio de coment\u00e1rios, mas tamb\u00e9m o seu endere\u00e7o IP e o agente de utilizador do seu navegador s\u00e3o recolhidos para nos ajudar a detetar coment\u00e1rios indesejados.<\/p>\n<p>Uma cadeia an\u00f3nima criada a partir do seu endere\u00e7o de correio eletr\u00f3nico (tamb\u00e9m chamada hash) pode ser enviada para o servi\u00e7o Gravatar para verificar a sua utiliza\u00e7\u00e3o do servi\u00e7o. A pol\u00edtica de privacidade do servi\u00e7o Gravatar est\u00e1 dispon\u00edvel aqui: https:\/\/automattic.com\/privacy\/. Ap\u00f3s o seu coment\u00e1rio ter sido aprovado, a sua fotografia do perfil ser\u00e1 vis\u00edvel publicamente ao lado do seu coment\u00e1rio.<\/p>\t\t\t\t\t\t<\/div>\n\t\t\t\t<\/div>\n\t\t\t\t<div class=\"elementor-element elementor-element-026ef57 elementor-widget elementor-widget-heading\" data-id=\"026ef57\" data-element_type=\"widget\" data-widget_type=\"heading.default\">\n\t\t\t\t<div class=\"elementor-widget-container\">\n\t\t\t<h4 class=\"elementor-heading-title elementor-size-default\">Meios de comunica\u00e7\u00e3o<span style=\"font-style: inherit;\"><\/span><br><\/h4>\t\t<\/div>\n\t\t\t\t<\/div>\n\t\t\t\t<div class=\"elementor-element elementor-element-1253515 elementor-widget elementor-widget-text-editor\" data-id=\"1253515\" data-element_type=\"widget\" data-widget_type=\"text-editor.default\">\n\t\t\t\t<div class=\"elementor-widget-container\">\n\t\t\t\t\t\t\t<p>Se carregar imagens do site, recomendamos que evite carregar imagens que contenham dados EXIF de coordenadas GPS. As pessoas que visitam o seu site podem descarregar e extrair dados de localiza\u00e7\u00e3o a partir destas imagens.<\/p>\t\t\t\t\t\t<\/div>\n\t\t\t\t<\/div>\n\t\t\t\t\t<\/div>\n\t\t<\/div>\n\t\t\t\t<div class=\"elementor-column elementor-col-50 elementor-inner-column elementor-element elementor-element-0a93a4c\" data-id=\"0a93a4c\" data-element_type=\"column\">\n\t\t\t<div class=\"elementor-widget-wrap elementor-element-populated\">\n\t\t\t\t\t\t<div class=\"elementor-element elementor-element-f6d7138 elementor-widget elementor-widget-heading\" data-id=\"f6d7138\" data-element_type=\"widget\" data-widget_type=\"heading.default\">\n\t\t\t\t<div class=\"elementor-widget-container\">\n\t\t\t<h4 class=\"elementor-heading-title elementor-size-default\">Cookies<\/h4>\t\t<\/div>\n\t\t\t\t<\/div>\n\t\t\t\t<div class=\"elementor-element elementor-element-25a3dc2 elementor-widget elementor-widget-text-editor\" data-id=\"25a3dc2\" data-element_type=\"widget\" data-widget_type=\"text-editor.default\">\n\t\t\t\t<div class=\"elementor-widget-container\">\n\t\t\t\t\t\t\t<p>Se deixar um coment\u00e1rio no nosso site, ser-lhe-\u00e1 pedido que guarde o seu nome, endere\u00e7o de correio eletr\u00f3nico e site em cookies. Isto \u00e9 apenas para a sua conveni\u00eancia, para que n\u00e3o tenha de introduzir esta informa\u00e7\u00e3o se deixar outro coment\u00e1rio mais tarde. Estes cookies expiram ao fim de um ano.<\/p>\n<p><!-- \/wp:paragraph --><!-- wp:paragraph --><\/p>\n<p>Se for \u00e0 p\u00e1gina de login, ser\u00e1 criado um cookie tempor\u00e1rio para determinar se o seu navegador aceita cookies. N\u00e3o cont\u00e9m quaisquer dados pessoais e ser\u00e1 apagado automaticamente quando fechar o seu navegador.<\/p>\n<p><!-- \/wp:paragraph --><!-- wp:paragraph --><\/p>\n<p>Quando iniciar sess\u00e3o, iremos definir um n\u00famero de cookies para registar as suas informa\u00e7\u00f5es de in\u00edcio de sess\u00e3o e prefer\u00eancias de ecr\u00e3. A dura\u00e7\u00e3o de um cookie de login \u00e9 de dois dias, e a dura\u00e7\u00e3o de um cookie de prefer\u00eancia de ecr\u00e3 \u00e9 de um ano. Se marcar \"Remember me\", o seu cookie de login ser\u00e1 retido durante duas semanas. Se sair da sua conta, o cookie de login ser\u00e1 apagado.<\/p>\n<p>Ao editar ou publicar uma publica\u00e7\u00e3o, um cookie adicional ser\u00e1 armazenado no seu navegador. Este cookie n\u00e3o inclui quaisquer dados pessoais. Indica simplesmente o ID da publica\u00e7\u00e3o que acabou de editar. Expira ao fim de um dia.<\/p>\n<p><!-- \/wp:paragraph --><!-- wp:paragraph --><\/p>\t\t\t\t\t\t<\/div>\n\t\t\t\t<\/div>\n\t\t\t\t\t<\/div>\n\t\t<\/div>\n\t\t\t\t\t<\/div>\n\t\t<\/section>\n\t\t\t\t\t<\/div>\n\t\t<\/div>\n\t\t\t\t\t<\/div>\n\t\t<\/section>\n\t\t\t\t<section class=\"elementor-section elementor-top-section elementor-element elementor-element-f97ccdf elementor-section-boxed elementor-section-height-default elementor-section-height-default\" data-id=\"f97ccdf\" data-element_type=\"section\">\n\t\t\t\t\t\t<div class=\"elementor-container elementor-column-gap-default\">\n\t\t\t\t\t<div class=\"elementor-column elementor-col-100 elementor-top-column elementor-element elementor-element-e7c64d0\" data-id=\"e7c64d0\" data-element_type=\"column\">\n\t\t\t<div class=\"elementor-widget-wrap elementor-element-populated\">\n\t\t\t\t\t\t<section class=\"elementor-section elementor-inner-section elementor-element elementor-element-38d004b elementor-section-content-top elementor-section-boxed elementor-section-height-default elementor-section-height-default\" data-id=\"38d004b\" data-element_type=\"section\">\n\t\t\t\t\t\t<div class=\"elementor-container elementor-column-gap-no\">\n\t\t\t\t\t<div class=\"elementor-column elementor-col-50 elementor-inner-column elementor-element elementor-element-35981f1\" data-id=\"35981f1\" data-element_type=\"column\">\n\t\t\t<div class=\"elementor-widget-wrap elementor-element-populated\">\n\t\t\t\t\t\t<div class=\"elementor-element elementor-element-31d0692 elementor-widget elementor-widget-heading\" data-id=\"31d0692\" data-element_type=\"widget\" data-widget_type=\"heading.default\">\n\t\t\t\t<div class=\"elementor-widget-container\">\n\t\t\t<h4 class=\"elementor-heading-title elementor-size-default\">Os direitos que lhe assistem sobre os seus dados<\/h4>\t\t<\/div>\n\t\t\t\t<\/div>\n\t\t\t\t<div class=\"elementor-element elementor-element-8351dba elementor-widget elementor-widget-text-editor\" data-id=\"8351dba\" data-element_type=\"widget\" data-widget_type=\"text-editor.default\">\n\t\t\t\t<div class=\"elementor-widget-container\">\n\t\t\t\t\t\t\t<p>Se tiver uma conta ou se tiver deixado coment\u00e1rios no site, poder\u00e1 solicitar a rece\u00e7\u00e3o de um ficheiro contendo todos os dados pessoais que temos sobre si, incluindo os que nos forneceu. Tamb\u00e9m pode solicitar a elimina\u00e7\u00e3o dos seus dados pessoais. Isto n\u00e3o inclui os dados armazenados para fins administrativos, legais ou de seguran\u00e7a.<\/p>\t\t\t\t\t\t<\/div>\n\t\t\t\t<\/div>\n\t\t\t\t\t<\/div>\n\t\t<\/div>\n\t\t\t\t<div class=\"elementor-column elementor-col-50 elementor-inner-column elementor-element elementor-element-72fe566\" data-id=\"72fe566\" data-element_type=\"column\">\n\t\t\t<div class=\"elementor-widget-wrap elementor-element-populated\">\n\t\t\t\t\t\t<div class=\"elementor-element elementor-element-9bae5c9 elementor-widget elementor-widget-heading\" data-id=\"9bae5c9\" data-element_type=\"widget\" data-widget_type=\"heading.default\">\n\t\t\t\t<div class=\"elementor-widget-container\">\n\t\t\t<h4 class=\"elementor-heading-title elementor-size-default\">Conte\u00fados incorporados de outros sites<\/h4>\t\t<\/div>\n\t\t\t\t<\/div>\n\t\t\t\t<div class=\"elementor-element elementor-element-0d7b6e9 elementor-widget elementor-widget-text-editor\" data-id=\"0d7b6e9\" data-element_type=\"widget\" data-widget_type=\"text-editor.default\">\n\t\t\t\t<div class=\"elementor-widget-container\">\n\t\t\t\t\t\t\t<p>Os artigos deste site podem incluir conte\u00fado incorporado (por exemplo, v\u00eddeos, imagens, artigos...). Os conte\u00fados incorporados de outros s\u00edtios comportam-se da mesma forma que se o visitante estivesse nesse outro s\u00edtio.<\/p>\n<p><!-- \/wp:paragraph --><!-- wp:paragraph --><\/p>\n<p>Estes websites podem recolher dados sobre si, utilizar cookies, incorporar ferramentas de rastreio de terceiros, e rastrear as suas intera\u00e7\u00f5es com estes conte\u00fados incorporados, se tiver uma conta com eles.<\/p>\t\t\t\t\t\t<\/div>\n\t\t\t\t<\/div>\n\t\t\t\t\t<\/div>\n\t\t<\/div>\n\t\t\t\t\t<\/div>\n\t\t<\/section>\n\t\t\t\t\t<\/div>\n\t\t<\/div>\n\t\t\t\t\t<\/div>\n\t\t<\/section>\n\t\t\t\t<section class=\"elementor-section elementor-top-section elementor-element elementor-element-5d94811 elementor-section-boxed elementor-section-height-default elementor-section-height-default\" data-id=\"5d94811\" data-element_type=\"section\">\n\t\t\t\t\t\t<div class=\"elementor-container elementor-column-gap-default\">\n\t\t\t\t\t<div class=\"elementor-column elementor-col-100 elementor-top-column elementor-element elementor-element-1c81ab8\" data-id=\"1c81ab8\" data-element_type=\"column\">\n\t\t\t<div class=\"elementor-widget-wrap elementor-element-populated\">\n\t\t\t\t\t\t<section class=\"elementor-section elementor-inner-section elementor-element elementor-element-0f234bf elementor-section-content-top elementor-section-boxed elementor-section-height-default elementor-section-height-default\" data-id=\"0f234bf\" data-element_type=\"section\">\n\t\t\t\t\t\t<div class=\"elementor-container elementor-column-gap-no\">\n\t\t\t\t\t<div class=\"elementor-column elementor-col-50 elementor-inner-column elementor-element elementor-element-40dacff\" data-id=\"40dacff\" data-element_type=\"column\">\n\t\t\t<div class=\"elementor-widget-wrap elementor-element-populated\">\n\t\t\t\t\t\t<div class=\"elementor-element elementor-element-a16c7c2 elementor-widget elementor-widget-heading\" data-id=\"a16c7c2\" data-element_type=\"widget\" data-widget_type=\"heading.default\">\n\t\t\t\t<div class=\"elementor-widget-container\">\n\t\t\t<h4 class=\"elementor-heading-title elementor-size-default\">Quanto tempo os seus dados s\u00e3o armazenados<\/h4>\t\t<\/div>\n\t\t\t\t<\/div>\n\t\t\t\t<div class=\"elementor-element elementor-element-5d3b7d7 elementor-widget elementor-widget-text-editor\" data-id=\"5d3b7d7\" data-element_type=\"widget\" data-widget_type=\"text-editor.default\">\n\t\t\t\t<div class=\"elementor-widget-container\">\n\t\t\t\t\t\t\t<p>Se deixar um coment\u00e1rio, o coment\u00e1rio e os seus metadados s\u00e3o mantidos indefinidamente. Isto permite que coment\u00e1rios subsequentes sejam automaticamente reconhecidos e aprovados em vez de serem deixados na fila de modera\u00e7\u00e3o.<\/p>\n<p><!-- \/wp:paragraph --><!-- wp:paragraph --><\/p>\n<p>Para contas que se registam no nosso site (se houver), tamb\u00e9m armazenamos as informa\u00e7\u00f5es pessoais listadas no seu perfil. Todas as contas podem ver, editar, ou apagar as suas informa\u00e7\u00f5es pessoais em qualquer altura (exceto o seu ID de utilizador). Os gestores do s\u00edtio tamb\u00e9m podem visualizar e editar esta informa\u00e7\u00e3o.<\/p>\n<p><!-- \/wp:paragraph --><!-- wp:heading --><\/p>\n<h2>\u00a0<\/h2>\t\t\t\t\t\t<\/div>\n\t\t\t\t<\/div>\n\t\t\t\t\t<\/div>\n\t\t<\/div>\n\t\t\t\t<div class=\"elementor-column elementor-col-50 elementor-inner-column elementor-element elementor-element-8894040\" data-id=\"8894040\" data-element_type=\"column\">\n\t\t\t<div class=\"elementor-widget-wrap elementor-element-populated\">\n\t\t\t\t\t\t<div class=\"elementor-element elementor-element-ed3ba7e elementor-widget elementor-widget-heading\" data-id=\"ed3ba7e\" data-element_type=\"widget\" data-widget_type=\"heading.default\">\n\t\t\t\t<div class=\"elementor-widget-container\">\n\t\t\t<h4 class=\"elementor-heading-title elementor-size-default\">Utiliza\u00e7\u00e3o e transmiss\u00e3o dos seus dados pessoais<\/h4>\t\t<\/div>\n\t\t\t\t<\/div>\n\t\t\t\t<div class=\"elementor-element elementor-element-ca2334b elementor-widget elementor-widget-text-editor\" data-id=\"ca2334b\" data-element_type=\"widget\" data-widget_type=\"text-editor.default\">\n\t\t\t\t<div class=\"elementor-widget-container\">\n\t\t\t\t\t\t\t<p>Se solicitar uma redefini\u00e7\u00e3o de senha, o seu endere\u00e7o IP ser\u00e1 inclu\u00eddo no e-mail de redefini\u00e7\u00e3o.<\/p>\t\t\t\t\t\t<\/div>\n\t\t\t\t<\/div>\n\t\t\t\t<div class=\"elementor-element elementor-element-d295c58 elementor-widget elementor-widget-heading\" data-id=\"d295c58\" data-element_type=\"widget\" data-widget_type=\"heading.default\">\n\t\t\t\t<div class=\"elementor-widget-container\">\n\t\t\t<h4 class=\"elementor-heading-title elementor-size-default\">Transmiss\u00e3o dos seus dados pessoais<\/h4>\t\t<\/div>\n\t\t\t\t<\/div>\n\t\t\t\t<div class=\"elementor-element elementor-element-fe6ef3b elementor-widget elementor-widget-text-editor\" data-id=\"fe6ef3b\" data-element_type=\"widget\" data-widget_type=\"text-editor.default\">\n\t\t\t\t<div class=\"elementor-widget-container\">\n\t\t\t\t\t\t\t<p>Os coment\u00e1rios dos visitantes podem ser verificados com um servi\u00e7o autom\u00e1tico de dete\u00e7\u00e3o de coment\u00e1rios.<\/p>\t\t\t\t\t\t<\/div>\n\t\t\t\t<\/div>\n\t\t\t\t\t<\/div>\n\t\t<\/div>\n\t\t\t\t\t<\/div>\n\t\t<\/section>\n\t\t\t\t\t<\/div>\n\t\t<\/div>\n\t\t\t\t\t<\/div>\n\t\t<\/section>\n\t\t\t\t<\/div>","protected":false},"excerpt":{"rendered":"<p>Qui sommes-nous\u00a0? L\u2019adresse de notre site est\u00a0: https:\/\/www.agriberia.fr. &nbsp; Commentaires Quand vous laissez un commentaire sur notre site, les donn\u00e9es inscrites dans le formulaire de commentaire, mais aussi votre adresse IP et l\u2019agent utilisateur de votre navigateur sont collect\u00e9s pour nous aider \u00e0 la d\u00e9tection des commentaires ind\u00e9sirables. Une cha\u00eene anonymis\u00e9e cr\u00e9\u00e9e \u00e0 partir de&#8230;<\/p>","protected":false},"author":1,"featured_media":0,"parent":0,"menu_order":0,"comment_status":"closed","ping_status":"open","template":"","meta":{"_kad_post_transparent":"","_kad_post_title":"","_kad_post_layout":"","_kad_post_sidebar_id":"","_kad_post_content_style":"","_kad_post_vertical_padding":"","_kad_post_feature":"","_kad_post_feature_position":"","_kad_post_header":false,"_kad_post_footer":false,"footnotes":""},"class_list":["post-3","page","type-page","status-publish","hentry"],"yoast_head":"<!-- This site is optimized with the Yoast SEO plugin v27.5 - https:\/\/yoast.com\/product\/yoast-seo-wordpress\/ -->\n<title>Politique de confidentialit\u00e9 - Agriberia<\/title>\n<meta name=\"robots\" content=\"index, follow, max-snippet:-1, max-image-preview:large, max-video-preview:-1\" \/>\n<link rel=\"canonical\" href=\"https:\/\/www.agriberia.fr\/pt\/politique-de-confidentialite\/\" \/>\n<meta property=\"og:locale\" content=\"pt_PT\" \/>\n<meta property=\"og:type\" content=\"article\" \/>\n<meta property=\"og:title\" content=\"Politique de confidentialit\u00e9 - Agriberia\" \/>\n<meta property=\"og:description\" content=\"Qui sommes-nous\u00a0? L\u2019adresse de notre site est\u00a0: https:\/\/www.agriberia.fr. &nbsp; Commentaires Quand vous laissez un commentaire sur notre site, les donn\u00e9es inscrites dans le formulaire de commentaire, mais aussi votre adresse IP et l\u2019agent utilisateur de votre navigateur sont collect\u00e9s pour nous aider \u00e0 la d\u00e9tection des commentaires ind\u00e9sirables. Une cha\u00eene anonymis\u00e9e cr\u00e9\u00e9e \u00e0 partir de...\" \/>\n<meta property=\"og:url\" content=\"https:\/\/www.agriberia.fr\/pt\/politique-de-confidentialite\/\" \/>\n<meta property=\"og:site_name\" content=\"Agriberia\" \/>\n<meta property=\"article:publisher\" content=\"https:\/\/fr-fr.facebook.com\/agriberia\/\" \/>\n<meta property=\"article:modified_time\" content=\"2021-06-08T13:25:02+00:00\" \/>\n<meta name=\"twitter:card\" content=\"summary_large_image\" \/>\n<meta name=\"twitter:label1\" content=\"Tempo estimado de leitura\" \/>\n\t<meta name=\"twitter:data1\" content=\"3 minutos\" \/>\n<script type=\"application\/ld+json\" class=\"yoast-schema-graph\">{\"@context\":\"https:\\\/\\\/schema.org\",\"@graph\":[{\"@type\":\"WebPage\",\"@id\":\"https:\\\/\\\/www.agriberia.fr\\\/politique-de-confidentialite\\\/\",\"url\":\"https:\\\/\\\/www.agriberia.fr\\\/politique-de-confidentialite\\\/\",\"name\":\"Politique de confidentialit\u00e9 - Agriberia\",\"isPartOf\":{\"@id\":\"https:\\\/\\\/www.agriberia.fr\\\/#website\"},\"datePublished\":\"2021-06-08T08:05:52+00:00\",\"dateModified\":\"2021-06-08T13:25:02+00:00\",\"breadcrumb\":{\"@id\":\"https:\\\/\\\/www.agriberia.fr\\\/politique-de-confidentialite\\\/#breadcrumb\"},\"inLanguage\":\"pt-PT\",\"potentialAction\":[{\"@type\":\"ReadAction\",\"target\":[\"https:\\\/\\\/www.agriberia.fr\\\/politique-de-confidentialite\\\/\"]}]},{\"@type\":\"BreadcrumbList\",\"@id\":\"https:\\\/\\\/www.agriberia.fr\\\/politique-de-confidentialite\\\/#breadcrumb\",\"itemListElement\":[{\"@type\":\"ListItem\",\"position\":1,\"name\":\"Accueil\",\"item\":\"https:\\\/\\\/www.agriberia.fr\\\/\"},{\"@type\":\"ListItem\",\"position\":2,\"name\":\"Politique de confidentialit\u00e9\"}]},{\"@type\":\"WebSite\",\"@id\":\"https:\\\/\\\/www.agriberia.fr\\\/#website\",\"url\":\"https:\\\/\\\/www.agriberia.fr\\\/\",\"name\":\"Agriberia\",\"description\":\"Agriberia est une entreprise d&#039;import-export dans l&#039;agroalimentaire. De nombreux produits ib\u00e9rique (portugais, espagnol) sont a la carte.\",\"publisher\":{\"@id\":\"https:\\\/\\\/www.agriberia.fr\\\/#organization\"},\"potentialAction\":[{\"@type\":\"SearchAction\",\"target\":{\"@type\":\"EntryPoint\",\"urlTemplate\":\"https:\\\/\\\/www.agriberia.fr\\\/?s={search_term_string}\"},\"query-input\":{\"@type\":\"PropertyValueSpecification\",\"valueRequired\":true,\"valueName\":\"search_term_string\"}}],\"inLanguage\":\"pt-PT\"},{\"@type\":\"Organization\",\"@id\":\"https:\\\/\\\/www.agriberia.fr\\\/#organization\",\"name\":\"Agriberia\",\"url\":\"https:\\\/\\\/www.agriberia.fr\\\/\",\"logo\":{\"@type\":\"ImageObject\",\"inLanguage\":\"pt-PT\",\"@id\":\"https:\\\/\\\/www.agriberia.fr\\\/#\\\/schema\\\/logo\\\/image\\\/\",\"url\":\"https:\\\/\\\/www.agriberia.fr\\\/wp-content\\\/uploads\\\/2021\\\/06\\\/logo-agriberia-300x121-1.png\",\"contentUrl\":\"https:\\\/\\\/www.agriberia.fr\\\/wp-content\\\/uploads\\\/2021\\\/06\\\/logo-agriberia-300x121-1.png\",\"width\":300,\"height\":121,\"caption\":\"Agriberia\"},\"image\":{\"@id\":\"https:\\\/\\\/www.agriberia.fr\\\/#\\\/schema\\\/logo\\\/image\\\/\"},\"sameAs\":[\"https:\\\/\\\/fr-fr.facebook.com\\\/agriberia\\\/\",\"https:\\\/\\\/fr.linkedin.com\\\/company\\\/agriberia-importexport\"]}]}<\/script>\n<!-- \/ Yoast SEO plugin. -->","yoast_head_json":{"title":"Politique de confidentialit\u00e9 - Agriberia","robots":{"index":"index","follow":"follow","max-snippet":"max-snippet:-1","max-image-preview":"max-image-preview:large","max-video-preview":"max-video-preview:-1"},"canonical":"https:\/\/www.agriberia.fr\/pt\/politique-de-confidentialite\/","og_locale":"pt_PT","og_type":"article","og_title":"Politique de confidentialit\u00e9 - Agriberia","og_description":"Qui sommes-nous\u00a0? L\u2019adresse de notre site est\u00a0: https:\/\/www.agriberia.fr. &nbsp; Commentaires Quand vous laissez un commentaire sur notre site, les donn\u00e9es inscrites dans le formulaire de commentaire, mais aussi votre adresse IP et l\u2019agent utilisateur de votre navigateur sont collect\u00e9s pour nous aider \u00e0 la d\u00e9tection des commentaires ind\u00e9sirables. Une cha\u00eene anonymis\u00e9e cr\u00e9\u00e9e \u00e0 partir de...","og_url":"https:\/\/www.agriberia.fr\/pt\/politique-de-confidentialite\/","og_site_name":"Agriberia","article_publisher":"https:\/\/fr-fr.facebook.com\/agriberia\/","article_modified_time":"2021-06-08T13:25:02+00:00","twitter_card":"summary_large_image","twitter_misc":{"Tempo estimado de leitura":"3 minutos"},"schema":{"@context":"https:\/\/schema.org","@graph":[{"@type":"WebPage","@id":"https:\/\/www.agriberia.fr\/politique-de-confidentialite\/","url":"https:\/\/www.agriberia.fr\/politique-de-confidentialite\/","name":"Politique de confidentialit\u00e9 - Agriberia","isPartOf":{"@id":"https:\/\/www.agriberia.fr\/#website"},"datePublished":"2021-06-08T08:05:52+00:00","dateModified":"2021-06-08T13:25:02+00:00","breadcrumb":{"@id":"https:\/\/www.agriberia.fr\/politique-de-confidentialite\/#breadcrumb"},"inLanguage":"pt-PT","potentialAction":[{"@type":"ReadAction","target":["https:\/\/www.agriberia.fr\/politique-de-confidentialite\/"]}]},{"@type":"BreadcrumbList","@id":"https:\/\/www.agriberia.fr\/politique-de-confidentialite\/#breadcrumb","itemListElement":[{"@type":"ListItem","position":1,"name":"Accueil","item":"https:\/\/www.agriberia.fr\/"},{"@type":"ListItem","position":2,"name":"Politique de confidentialit\u00e9"}]},{"@type":"WebSite","@id":"https:\/\/www.agriberia.fr\/#website","url":"https:\/\/www.agriberia.fr\/","name":"Agriberia","description":"Agriberia est une entreprise d&#039;import-export dans l&#039;agroalimentaire. De nombreux produits ib\u00e9rique (portugais, espagnol) sont a la carte.","publisher":{"@id":"https:\/\/www.agriberia.fr\/#organization"},"potentialAction":[{"@type":"SearchAction","target":{"@type":"EntryPoint","urlTemplate":"https:\/\/www.agriberia.fr\/?s={search_term_string}"},"query-input":{"@type":"PropertyValueSpecification","valueRequired":true,"valueName":"search_term_string"}}],"inLanguage":"pt-PT"},{"@type":"Organization","@id":"https:\/\/www.agriberia.fr\/#organization","name":"Agriberia","url":"https:\/\/www.agriberia.fr\/","logo":{"@type":"ImageObject","inLanguage":"pt-PT","@id":"https:\/\/www.agriberia.fr\/#\/schema\/logo\/image\/","url":"https:\/\/www.agriberia.fr\/wp-content\/uploads\/2021\/06\/logo-agriberia-300x121-1.png","contentUrl":"https:\/\/www.agriberia.fr\/wp-content\/uploads\/2021\/06\/logo-agriberia-300x121-1.png","width":300,"height":121,"caption":"Agriberia"},"image":{"@id":"https:\/\/www.agriberia.fr\/#\/schema\/logo\/image\/"},"sameAs":["https:\/\/fr-fr.facebook.com\/agriberia\/","https:\/\/fr.linkedin.com\/company\/agriberia-importexport"]}]}},"_links":{"self":[{"href":"https:\/\/www.agriberia.fr\/pt\/wp-json\/wp\/v2\/pages\/3","targetHints":{"allow":["GET"]}}],"collection":[{"href":"https:\/\/www.agriberia.fr\/pt\/wp-json\/wp\/v2\/pages"}],"about":[{"href":"https:\/\/www.agriberia.fr\/pt\/wp-json\/wp\/v2\/types\/page"}],"author":[{"embeddable":true,"href":"https:\/\/www.agriberia.fr\/pt\/wp-json\/wp\/v2\/users\/1"}],"replies":[{"embeddable":true,"href":"https:\/\/www.agriberia.fr\/pt\/wp-json\/wp\/v2\/comments?post=3"}],"version-history":[{"count":4,"href":"https:\/\/www.agriberia.fr\/pt\/wp-json\/wp\/v2\/pages\/3\/revisions"}],"predecessor-version":[{"id":200,"href":"https:\/\/www.agriberia.fr\/pt\/wp-json\/wp\/v2\/pages\/3\/revisions\/200"}],"wp:attachment":[{"href":"https:\/\/www.agriberia.fr\/pt\/wp-json\/wp\/v2\/media?parent=3"}],"curies":[{"name":"wp","href":"https:\/\/api.w.org\/{rel}","templated":true}]}}