{"id":22,"date":"2021-06-08T10:34:46","date_gmt":"2021-06-08T08:34:46","guid":{"rendered":"http:\/\/www.agriberia.fr\/?page_id=22"},"modified":"2024-07-24T18:57:52","modified_gmt":"2024-07-24T16:57:52","slug":"catalogue","status":"publish","type":"page","link":"https:\/\/www.agriberia.fr\/pt\/catalogue\/","title":{"rendered":"Cat\u00e1logo"},"content":{"rendered":"<div data-elementor-type=\"wp-page\" data-elementor-id=\"22\" class=\"elementor elementor-22\">\n\t\t\t\t\t\t<section class=\"elementor-section elementor-top-section elementor-element elementor-element-a8680f1 elementor-section-content-middle elementor-section-boxed elementor-section-height-default elementor-section-height-default\" data-id=\"a8680f1\" data-element_type=\"section\" data-settings=\"{&quot;background_background&quot;:&quot;classic&quot;,&quot;animation&quot;:&quot;none&quot;,&quot;animation_delay&quot;:1000}\">\n\t\t\t\t\t\t<div class=\"elementor-container elementor-column-gap-no\">\n\t\t\t\t\t<div class=\"elementor-column elementor-col-100 elementor-top-column elementor-element elementor-element-eacad7d\" data-id=\"eacad7d\" data-element_type=\"column\">\n\t\t\t<div class=\"elementor-widget-wrap elementor-element-populated\">\n\t\t\t\t\t\t<div class=\"elementor-element elementor-element-cb3f903 elementor-widget elementor-widget-heading\" data-id=\"cb3f903\" data-element_type=\"widget\" data-widget_type=\"heading.default\">\n\t\t\t\t<div class=\"elementor-widget-container\">\n\t\t\t<h2 class=\"elementor-heading-title elementor-size-default\">O nosso cat\u00e1logo por pa\u00eds<\/h2>\t\t<\/div>\n\t\t\t\t<\/div>\n\t\t\t\t<div class=\"elementor-element elementor-element-0c6f5db elementor-widget elementor-widget-heading\" data-id=\"0c6f5db\" data-element_type=\"widget\" data-widget_type=\"heading.default\">\n\t\t\t\t<div class=\"elementor-widget-container\">\n\t\t\t<p class=\"elementor-heading-title elementor-size-default\">Consulte o nosso cat\u00e1logo conforme os seus desejos, basta clicar nos bot\u00f5es abaixo para aceder \u00e0s p\u00e1ginas que cont\u00eam os ficheiros PDFs da nossa gama de produtos segundo o pa\u00eds escolhido! <\/p>\t\t<\/div>\n\t\t\t\t<\/div>\n\t\t\t\t<div class=\"elementor-element elementor-element-be38fe4 elementor-widget elementor-widget-text-editor\" data-id=\"be38fe4\" data-element_type=\"widget\" data-widget_type=\"text-editor.default\">\n\t\t\t\t<div class=\"elementor-widget-container\">\n\t\t\t\t\t\t\t<p hidden=\"\">Distributeur Puisque. Portugal Puisque. Espagne Puisque. Ce texte est pr\u00e9sent dans l&rsquo;objectif d&rsquo;augmenter la visibilit\u00e9 du site. Afin que. Ainsi que. Avant tout. De surcroit. Deuxi\u00e8mement. \u00c9galement. Donc. Ensuite. Ou bien. En deuxi\u00e8me lieu. Par ailleurs. Pour prendre un autre exemple; Pr\u00e9c\u00e9demment. Sans parler de. Tout en reconnaissant que. \u00c0 ce jour, \u00e0 ce propos, \u00e0 ce sujet, \u00e0 cet \u00e9gard, \u00e0 compter de, \u00e0 condition que, \u00e0 d\u00e9faut de, \u00e0 force de, \u00e0 juste titre, \u00e0 (la) condition que, \u00e0 la lumi\u00e8re de, \u00e0 l\u2019aide de, \u00e0 l\u2019appui de, \u00e0 l\u2019encontre de, \u00e0 l\u2019\u00e9poque actuelle, \u00e0 l\u2019exception de, \u00e0 l\u2019exclusion de, \u00e0 l\u2019heure actuelle, \u00e0 l\u2019image de, \u00e0 l\u2019instar de, \u00e0 mesure que, \u00e0 moins que, \u00e0 nouveau, \u00e0 partir de, \u00e0 savoir, \u00e0 supposer que, \u00e0 tel point que. Car, C&rsquo;est-\u00e0-dire. En effet. Effectivement. \u00c9tant donn\u00e9 que. Puisque. Entre autres. Notamment.<\/p>\t\t\t\t\t\t<\/div>\n\t\t\t\t<\/div>\n\t\t\t\t<section class=\"elementor-section elementor-inner-section elementor-element elementor-element-0652aa6 elementor-section-content-middle elementor-section-full_width elementor-section-height-default elementor-section-height-default elementor-invisible\" data-id=\"0652aa6\" data-element_type=\"section\" data-settings=\"{&quot;animation&quot;:&quot;zoomIn&quot;,&quot;animation_delay&quot;:4}\">\n\t\t\t\t\t\t<div class=\"elementor-container elementor-column-gap-no\">\n\t\t\t\t\t<div class=\"elementor-column elementor-col-50 elementor-inner-column elementor-element elementor-element-27f82d2\" data-id=\"27f82d2\" data-element_type=\"column\" data-settings=\"{&quot;background_background&quot;:&quot;classic&quot;}\">\n\t\t\t<div class=\"elementor-widget-wrap elementor-element-populated\">\n\t\t\t\t\t\t<div class=\"elementor-element elementor-element-0f99e22 elementor-align-center elementor-widget elementor-widget-button\" data-id=\"0f99e22\" data-element_type=\"widget\" data-widget_type=\"button.default\">\n\t\t\t\t<div class=\"elementor-widget-container\">\n\t\t\t\t\t<div class=\"elementor-button-wrapper\">\n\t\t\t<a class=\"elementor-button elementor-button-link elementor-size-sm elementor-animation-grow\" href=\"http:\/\/www.agriberia.fr\/pt\/catalogue-de-produits-portugais\/\">\n\t\t\t\t\t\t<span class=\"elementor-button-content-wrapper\">\n\t\t\t\t\t\t\t\t\t<span class=\"elementor-button-text\">Portugal<\/span>\n\t\t\t\t\t<\/span>\n\t\t\t\t\t<\/a>\n\t\t<\/div>\n\t\t\t\t<\/div>\n\t\t\t\t<\/div>\n\t\t\t\t\t<\/div>\n\t\t<\/div>\n\t\t\t\t<div class=\"elementor-column elementor-col-50 elementor-inner-column elementor-element elementor-element-98342cd\" data-id=\"98342cd\" data-element_type=\"column\" data-settings=\"{&quot;background_background&quot;:&quot;classic&quot;}\">\n\t\t\t<div class=\"elementor-widget-wrap elementor-element-populated\">\n\t\t\t\t\t\t<div class=\"elementor-element elementor-element-4814d4a elementor-align-center elementor-widget elementor-widget-button\" data-id=\"4814d4a\" data-element_type=\"widget\" data-widget_type=\"button.default\">\n\t\t\t\t<div class=\"elementor-widget-container\">\n\t\t\t\t\t<div class=\"elementor-button-wrapper\">\n\t\t\t<a class=\"elementor-button elementor-button-link elementor-size-sm elementor-animation-grow\" href=\"http:\/\/www.agriberia.fr\/pt\/catalogue-produits-espagnols\/\">\n\t\t\t\t\t\t<span class=\"elementor-button-content-wrapper\">\n\t\t\t\t\t\t\t\t\t<span class=\"elementor-button-text\">Espanha<\/span>\n\t\t\t\t\t<\/span>\n\t\t\t\t\t<\/a>\n\t\t<\/div>\n\t\t\t\t<\/div>\n\t\t\t\t<\/div>\n\t\t\t\t\t<\/div>\n\t\t<\/div>\n\t\t\t\t\t<\/div>\n\t\t<\/section>\n\t\t\t\t<div class=\"elementor-element elementor-element-1155071 elementor-widget elementor-widget-text-editor\" data-id=\"1155071\" data-element_type=\"widget\" data-widget_type=\"text-editor.default\">\n\t\t\t\t<div class=\"elementor-widget-container\">\n\t\t\t\t\t\t\t<p hidden=\"\">Ce texte est pr\u00e9sent dans l&rsquo;objectif d&rsquo;augmenter la visibilit\u00e9 du site. Afin que. Ainsi que. Avant tout. De surcroit. Deuxi\u00e8mement. \u00c9galement. Donc. Ensuite. Ou bien. En deuxi\u00e8me lieu. Par ailleurs. Pour prendre un autre exemple; Pr\u00e9c\u00e9demment. Sans parler de. Tout en reconnaissant que. \u00c0 ce jour, \u00e0 ce propos, \u00e0 ce sujet, \u00e0 cet \u00e9gard, \u00e0 compter de, \u00e0 condition que, \u00e0 d\u00e9faut de, \u00e0 force de, \u00e0 juste titre, \u00e0 (la) condition que, \u00e0 la lumi\u00e8re de, \u00e0 l\u2019aide de, \u00e0 l\u2019appui de, \u00e0 l\u2019encontre de, \u00e0 l\u2019\u00e9poque actuelle, \u00e0 l\u2019exception de, \u00e0 l\u2019exclusion de, \u00e0 l\u2019heure actuelle, \u00e0 l\u2019image de, \u00e0 l\u2019instar de, \u00e0 mesure que, \u00e0 moins que, \u00e0 nouveau, \u00e0 partir de, \u00e0 savoir, \u00e0 supposer que, \u00e0 tel point que. Car, C&rsquo;est-\u00e0-dire. En effet. Effectivement. \u00c9tant donn\u00e9 que. Puisque. Entre autres. Notamment. Par exemple. Autant dire que. Importateur en outre. Or. Puis. D&rsquo;abord importateur ensuite.<\/p>\t\t\t\t\t\t<\/div>\n\t\t\t\t<\/div>\n\t\t\t\t<section class=\"elementor-section elementor-inner-section elementor-element elementor-element-ae2e1b9 elementor-section-full_width elementor-section-height-default elementor-section-height-default elementor-invisible\" data-id=\"ae2e1b9\" data-element_type=\"section\" data-settings=\"{&quot;animation&quot;:&quot;zoomIn&quot;,&quot;animation_delay&quot;:4}\">\n\t\t\t\t\t\t<div class=\"elementor-container elementor-column-gap-no\">\n\t\t\t\t\t<div class=\"elementor-column elementor-col-50 elementor-inner-column elementor-element elementor-element-efe6c3a\" data-id=\"efe6c3a\" data-element_type=\"column\" data-settings=\"{&quot;background_background&quot;:&quot;classic&quot;}\">\n\t\t\t<div class=\"elementor-widget-wrap elementor-element-populated\">\n\t\t\t\t\t\t<div class=\"elementor-element elementor-element-5e8d042 elementor-align-center elementor-widget elementor-widget-button\" data-id=\"5e8d042\" data-element_type=\"widget\" data-widget_type=\"button.default\">\n\t\t\t\t<div class=\"elementor-widget-container\">\n\t\t\t\t\t<div class=\"elementor-button-wrapper\">\n\t\t\t<a class=\"elementor-button elementor-button-link elementor-size-sm elementor-animation-grow\" href=\"http:\/\/www.agriberia.fr\/pt\/catalogue-produits-bresiliens\/\">\n\t\t\t\t\t\t<span class=\"elementor-button-content-wrapper\">\n\t\t\t\t\t\t\t\t\t<span class=\"elementor-button-text\">Brasil<\/span>\n\t\t\t\t\t<\/span>\n\t\t\t\t\t<\/a>\n\t\t<\/div>\n\t\t\t\t<\/div>\n\t\t\t\t<\/div>\n\t\t\t\t\t<\/div>\n\t\t<\/div>\n\t\t\t\t<div class=\"elementor-column elementor-col-50 elementor-inner-column elementor-element elementor-element-c49634b\" data-id=\"c49634b\" data-element_type=\"column\" data-settings=\"{&quot;background_background&quot;:&quot;classic&quot;}\">\n\t\t\t<div class=\"elementor-widget-wrap elementor-element-populated\">\n\t\t\t\t\t\t<div class=\"elementor-element elementor-element-c6f5ab5 elementor-align-center elementor-widget elementor-widget-button\" data-id=\"c6f5ab5\" data-element_type=\"widget\" data-widget_type=\"button.default\">\n\t\t\t\t<div class=\"elementor-widget-container\">\n\t\t\t\t\t<div class=\"elementor-button-wrapper\">\n\t\t\t<a class=\"elementor-button elementor-button-link elementor-size-sm elementor-animation-grow\" href=\"http:\/\/www.agriberia.fr\/pt\/catalogue-produits-asiatiques\/\">\n\t\t\t\t\t\t<span class=\"elementor-button-content-wrapper\">\n\t\t\t\t\t\t\t\t\t<span class=\"elementor-button-text\">Asi\u00e1ticos<\/span>\n\t\t\t\t\t<\/span>\n\t\t\t\t\t<\/a>\n\t\t<\/div>\n\t\t\t\t<\/div>\n\t\t\t\t<\/div>\n\t\t\t\t\t<\/div>\n\t\t<\/div>\n\t\t\t\t\t<\/div>\n\t\t<\/section>\n\t\t\t\t<div class=\"elementor-element elementor-element-45a3d91 elementor-widget elementor-widget-text-editor\" data-id=\"45a3d91\" data-element_type=\"widget\" data-widget_type=\"text-editor.default\">\n\t\t\t\t<div class=\"elementor-widget-container\">\n\t\t\t\t\t\t\t<p hidden=\"\">Ce texte est pr\u00e9sent dans l&rsquo;objectif d&rsquo;augmenter la visibilit\u00e9 du site. Afin que. Ainsi que. Avant tout. De surcroit. Deuxi\u00e8mement. \u00c9galement. Donc. Ensuite. Ou bien. En deuxi\u00e8me lieu. Par ailleurs. Pour prendre un autre exemple; Pr\u00e9c\u00e9demment. Sans parler de. Tout en reconnaissant que. \u00c0 ce jour, \u00e0 ce propos, \u00e0 ce sujet, \u00e0 cet \u00e9gard, \u00e0 compter de, \u00e0 condition que, \u00e0 d\u00e9faut de, \u00e0 force de, \u00e0 juste titre, \u00e0 (la) condition que, \u00e0 la lumi\u00e8re de, \u00e0 l\u2019aide de, \u00e0 l\u2019appui de, \u00e0 l\u2019encontre de, \u00e0 l\u2019\u00e9poque actuelle, \u00e0 l\u2019exception de, \u00e0 l\u2019exclusion de, \u00e0 l\u2019heure actuelle, \u00e0 l\u2019image de, \u00e0 l\u2019instar de, \u00e0 mesure que, \u00e0 moins que, \u00e0 nouveau, \u00e0 partir de, \u00e0 savoir, \u00e0 supposer que, \u00e0 tel point que. Car, C&rsquo;est-\u00e0-dire. En effet. Effectivement. \u00c9tant donn\u00e9 que. Puisque. Entre autres. Notamment. Par exemple. Autant dire que. Importateur en outre. Or. Puis. D&rsquo;abord importateur ensuite.<\/p>\t\t\t\t\t\t<\/div>\n\t\t\t\t<\/div>\n\t\t\t\t<section class=\"elementor-section elementor-inner-section elementor-element elementor-element-6fe3bb2 elementor-section-full_width elementor-section-height-default elementor-section-height-default elementor-invisible\" data-id=\"6fe3bb2\" data-element_type=\"section\" data-settings=\"{&quot;animation&quot;:&quot;zoomIn&quot;,&quot;animation_delay&quot;:4}\">\n\t\t\t\t\t\t<div class=\"elementor-container elementor-column-gap-no\">\n\t\t\t\t\t<div class=\"elementor-column elementor-col-50 elementor-inner-column elementor-element elementor-element-8af327b\" data-id=\"8af327b\" data-element_type=\"column\" data-settings=\"{&quot;background_background&quot;:&quot;classic&quot;}\">\n\t\t\t<div class=\"elementor-widget-wrap elementor-element-populated\">\n\t\t\t\t\t\t<div class=\"elementor-element elementor-element-fe4ede0 elementor-align-center elementor-widget elementor-widget-button\" data-id=\"fe4ede0\" data-element_type=\"widget\" data-widget_type=\"button.default\">\n\t\t\t\t<div class=\"elementor-widget-container\">\n\t\t\t\t\t<div class=\"elementor-button-wrapper\">\n\t\t\t<a class=\"elementor-button elementor-button-link elementor-size-sm elementor-animation-grow\" href=\"http:\/\/www.agriberia.fr\/pt\/catalogue-de-produits-italiens\/\">\n\t\t\t\t\t\t<span class=\"elementor-button-content-wrapper\">\n\t\t\t\t\t\t\t\t\t<span class=\"elementor-button-text\">Italie<\/span>\n\t\t\t\t\t<\/span>\n\t\t\t\t\t<\/a>\n\t\t<\/div>\n\t\t\t\t<\/div>\n\t\t\t\t<\/div>\n\t\t\t\t\t<\/div>\n\t\t<\/div>\n\t\t\t\t<div class=\"elementor-column elementor-col-50 elementor-inner-column elementor-element elementor-element-1a0cd01\" data-id=\"1a0cd01\" data-element_type=\"column\" data-settings=\"{&quot;background_background&quot;:&quot;classic&quot;}\">\n\t\t\t<div class=\"elementor-widget-wrap\">\n\t\t\t\t\t\t\t<\/div>\n\t\t<\/div>\n\t\t\t\t\t<\/div>\n\t\t<\/section>\n\t\t\t\t\t<\/div>\n\t\t<\/div>\n\t\t\t\t\t<\/div>\n\t\t<\/section>\n\t\t\t\t<\/div>","protected":false},"excerpt":{"rendered":"<p>Notre catalogue selon les pays Consultez notre catalogue selon vos envies, il vous suffit de cliquer sur les boutons ci-dessous afin d&rsquo;acc\u00e9der aux pages contenant les fichiers PDF de notre gamme de produits en fonction du pays choisi ! Distributeur Puisque. Portugal Puisque. Espagne Puisque. Ce texte est pr\u00e9sent dans l&rsquo;objectif d&rsquo;augmenter la visibilit\u00e9 du&#8230;<\/p>","protected":false},"author":1,"featured_media":0,"parent":0,"menu_order":0,"comment_status":"closed","ping_status":"closed","template":"","meta":{"_kad_post_transparent":"","_kad_post_title":"hide","_kad_post_layout":"fullwidth","_kad_post_sidebar_id":"","_kad_post_content_style":"unboxed","_kad_post_vertical_padding":"hide","_kad_post_feature":"hide","_kad_post_feature_position":"","_kad_post_header":false,"_kad_post_footer":false,"footnotes":""},"class_list":["post-22","page","type-page","status-publish","hentry"],"yoast_head":"<!-- This site is optimized with the Yoast SEO plugin v27.3 - https:\/\/yoast.com\/product\/yoast-seo-wordpress\/ -->\n<title>Catalogue - Agriberia : importateur - exportateur en France<\/title>\n<meta name=\"description\" content=\"Distributeur et importateur en France. Retrouvez notre catalogue de produits portugais, br\u00e9silien, asiatiques et espagnols.\" \/>\n<meta name=\"robots\" content=\"index, follow, max-snippet:-1, max-image-preview:large, max-video-preview:-1\" \/>\n<link rel=\"canonical\" href=\"https:\/\/www.agriberia.fr\/pt\/catalogue\/\" \/>\n<meta property=\"og:locale\" content=\"pt_PT\" \/>\n<meta property=\"og:type\" content=\"article\" \/>\n<meta property=\"og:title\" content=\"Catalogue Agriberia\" \/>\n<meta property=\"og:description\" content=\"Distributeur et importateur en France. Retrouvez notre catalogue de produits portugais, br\u00e9silien, asiatiques et espagnols.\" \/>\n<meta property=\"og:url\" content=\"https:\/\/www.agriberia.fr\/pt\/catalogue\/\" \/>\n<meta property=\"og:site_name\" content=\"Agriberia\" \/>\n<meta property=\"article:publisher\" content=\"https:\/\/fr-fr.facebook.com\/agriberia\/\" \/>\n<meta property=\"article:modified_time\" content=\"2024-07-24T16:57:52+00:00\" \/>\n<meta property=\"og:image\" content=\"https:\/\/www.agriberia.fr\/wp-content\/uploads\/2021\/06\/page-de-garde-paysage-catalogue-e1620658530846.png\" \/>\n\t<meta property=\"og:image:width\" content=\"1000\" \/>\n\t<meta property=\"og:image:height\" content=\"737\" \/>\n\t<meta property=\"og:image:type\" content=\"image\/png\" \/>\n<meta name=\"twitter:card\" content=\"summary_large_image\" \/>\n<meta name=\"twitter:title\" content=\"Catalogue de produits\" \/>\n<meta name=\"twitter:description\" content=\"Distributeur et importateur en France. Retrouvez notre catalogue de produits portugais, br\u00e9silien, asiatiques et espagnols.\" \/>\n<meta name=\"twitter:image\" content=\"https:\/\/www.agriberia.fr\/wp-content\/uploads\/2021\/06\/page-de-garde-paysage-catalogue-e1620658530846.png\" \/>\n<meta name=\"twitter:label1\" content=\"Tempo estimado de leitura\" \/>\n\t<meta name=\"twitter:data1\" content=\"3 minutos\" \/>\n<script type=\"application\/ld+json\" class=\"yoast-schema-graph\">{\"@context\":\"https:\\\/\\\/schema.org\",\"@graph\":[{\"@type\":\"WebPage\",\"@id\":\"https:\\\/\\\/www.agriberia.fr\\\/catalogue\\\/\",\"url\":\"https:\\\/\\\/www.agriberia.fr\\\/catalogue\\\/\",\"name\":\"Catalogue - Agriberia : importateur - exportateur en France\",\"isPartOf\":{\"@id\":\"https:\\\/\\\/www.agriberia.fr\\\/#website\"},\"datePublished\":\"2021-06-08T08:34:46+00:00\",\"dateModified\":\"2024-07-24T16:57:52+00:00\",\"description\":\"Distributeur et importateur en France. Retrouvez notre catalogue de produits portugais, br\u00e9silien, asiatiques et espagnols.\",\"breadcrumb\":{\"@id\":\"https:\\\/\\\/www.agriberia.fr\\\/catalogue\\\/#breadcrumb\"},\"inLanguage\":\"pt-PT\",\"potentialAction\":[{\"@type\":\"ReadAction\",\"target\":[\"https:\\\/\\\/www.agriberia.fr\\\/catalogue\\\/\"]}]},{\"@type\":\"BreadcrumbList\",\"@id\":\"https:\\\/\\\/www.agriberia.fr\\\/catalogue\\\/#breadcrumb\",\"itemListElement\":[{\"@type\":\"ListItem\",\"position\":1,\"name\":\"Accueil\",\"item\":\"https:\\\/\\\/www.agriberia.fr\\\/\"},{\"@type\":\"ListItem\",\"position\":2,\"name\":\"Catalogue\"}]},{\"@type\":\"WebSite\",\"@id\":\"https:\\\/\\\/www.agriberia.fr\\\/#website\",\"url\":\"https:\\\/\\\/www.agriberia.fr\\\/\",\"name\":\"Agriberia\",\"description\":\"Agriberia est une entreprise d&#039;import-export dans l&#039;agroalimentaire. De nombreux produits ib\u00e9rique (portugais, espagnol) sont a la carte.\",\"publisher\":{\"@id\":\"https:\\\/\\\/www.agriberia.fr\\\/#organization\"},\"potentialAction\":[{\"@type\":\"SearchAction\",\"target\":{\"@type\":\"EntryPoint\",\"urlTemplate\":\"https:\\\/\\\/www.agriberia.fr\\\/?s={search_term_string}\"},\"query-input\":{\"@type\":\"PropertyValueSpecification\",\"valueRequired\":true,\"valueName\":\"search_term_string\"}}],\"inLanguage\":\"pt-PT\"},{\"@type\":\"Organization\",\"@id\":\"https:\\\/\\\/www.agriberia.fr\\\/#organization\",\"name\":\"Agriberia\",\"url\":\"https:\\\/\\\/www.agriberia.fr\\\/\",\"logo\":{\"@type\":\"ImageObject\",\"inLanguage\":\"pt-PT\",\"@id\":\"https:\\\/\\\/www.agriberia.fr\\\/#\\\/schema\\\/logo\\\/image\\\/\",\"url\":\"https:\\\/\\\/www.agriberia.fr\\\/wp-content\\\/uploads\\\/2021\\\/06\\\/logo-agriberia-300x121-1.png\",\"contentUrl\":\"https:\\\/\\\/www.agriberia.fr\\\/wp-content\\\/uploads\\\/2021\\\/06\\\/logo-agriberia-300x121-1.png\",\"width\":300,\"height\":121,\"caption\":\"Agriberia\"},\"image\":{\"@id\":\"https:\\\/\\\/www.agriberia.fr\\\/#\\\/schema\\\/logo\\\/image\\\/\"},\"sameAs\":[\"https:\\\/\\\/fr-fr.facebook.com\\\/agriberia\\\/\",\"https:\\\/\\\/fr.linkedin.com\\\/company\\\/agriberia-importexport\"]}]}<\/script>\n<!-- \/ Yoast SEO plugin. -->","yoast_head_json":{"title":"Catalogue - Agriberia : importateur - exportateur en France","description":"Distributeur et importateur en France. Retrouvez notre catalogue de produits portugais, br\u00e9silien, asiatiques et espagnols.","robots":{"index":"index","follow":"follow","max-snippet":"max-snippet:-1","max-image-preview":"max-image-preview:large","max-video-preview":"max-video-preview:-1"},"canonical":"https:\/\/www.agriberia.fr\/pt\/catalogue\/","og_locale":"pt_PT","og_type":"article","og_title":"Catalogue Agriberia","og_description":"Distributeur et importateur en France. Retrouvez notre catalogue de produits portugais, br\u00e9silien, asiatiques et espagnols.","og_url":"https:\/\/www.agriberia.fr\/pt\/catalogue\/","og_site_name":"Agriberia","article_publisher":"https:\/\/fr-fr.facebook.com\/agriberia\/","article_modified_time":"2024-07-24T16:57:52+00:00","og_image":[{"width":1000,"height":737,"url":"https:\/\/www.agriberia.fr\/wp-content\/uploads\/2021\/06\/page-de-garde-paysage-catalogue-e1620658530846.png","type":"image\/png"}],"twitter_card":"summary_large_image","twitter_title":"Catalogue de produits","twitter_description":"Distributeur et importateur en France. Retrouvez notre catalogue de produits portugais, br\u00e9silien, asiatiques et espagnols.","twitter_image":"https:\/\/www.agriberia.fr\/wp-content\/uploads\/2021\/06\/page-de-garde-paysage-catalogue-e1620658530846.png","twitter_misc":{"Tempo estimado de leitura":"3 minutos"},"schema":{"@context":"https:\/\/schema.org","@graph":[{"@type":"WebPage","@id":"https:\/\/www.agriberia.fr\/catalogue\/","url":"https:\/\/www.agriberia.fr\/catalogue\/","name":"Catalogue - Agriberia : importateur - exportateur en France","isPartOf":{"@id":"https:\/\/www.agriberia.fr\/#website"},"datePublished":"2021-06-08T08:34:46+00:00","dateModified":"2024-07-24T16:57:52+00:00","description":"Distributeur et importateur en France. Retrouvez notre catalogue de produits portugais, br\u00e9silien, asiatiques et espagnols.","breadcrumb":{"@id":"https:\/\/www.agriberia.fr\/catalogue\/#breadcrumb"},"inLanguage":"pt-PT","potentialAction":[{"@type":"ReadAction","target":["https:\/\/www.agriberia.fr\/catalogue\/"]}]},{"@type":"BreadcrumbList","@id":"https:\/\/www.agriberia.fr\/catalogue\/#breadcrumb","itemListElement":[{"@type":"ListItem","position":1,"name":"Accueil","item":"https:\/\/www.agriberia.fr\/"},{"@type":"ListItem","position":2,"name":"Catalogue"}]},{"@type":"WebSite","@id":"https:\/\/www.agriberia.fr\/#website","url":"https:\/\/www.agriberia.fr\/","name":"Agriberia","description":"Agriberia est une entreprise d&#039;import-export dans l&#039;agroalimentaire. De nombreux produits ib\u00e9rique (portugais, espagnol) sont a la carte.","publisher":{"@id":"https:\/\/www.agriberia.fr\/#organization"},"potentialAction":[{"@type":"SearchAction","target":{"@type":"EntryPoint","urlTemplate":"https:\/\/www.agriberia.fr\/?s={search_term_string}"},"query-input":{"@type":"PropertyValueSpecification","valueRequired":true,"valueName":"search_term_string"}}],"inLanguage":"pt-PT"},{"@type":"Organization","@id":"https:\/\/www.agriberia.fr\/#organization","name":"Agriberia","url":"https:\/\/www.agriberia.fr\/","logo":{"@type":"ImageObject","inLanguage":"pt-PT","@id":"https:\/\/www.agriberia.fr\/#\/schema\/logo\/image\/","url":"https:\/\/www.agriberia.fr\/wp-content\/uploads\/2021\/06\/logo-agriberia-300x121-1.png","contentUrl":"https:\/\/www.agriberia.fr\/wp-content\/uploads\/2021\/06\/logo-agriberia-300x121-1.png","width":300,"height":121,"caption":"Agriberia"},"image":{"@id":"https:\/\/www.agriberia.fr\/#\/schema\/logo\/image\/"},"sameAs":["https:\/\/fr-fr.facebook.com\/agriberia\/","https:\/\/fr.linkedin.com\/company\/agriberia-importexport"]}]}},"_links":{"self":[{"href":"https:\/\/www.agriberia.fr\/pt\/wp-json\/wp\/v2\/pages\/22","targetHints":{"allow":["GET"]}}],"collection":[{"href":"https:\/\/www.agriberia.fr\/pt\/wp-json\/wp\/v2\/pages"}],"about":[{"href":"https:\/\/www.agriberia.fr\/pt\/wp-json\/wp\/v2\/types\/page"}],"author":[{"embeddable":true,"href":"https:\/\/www.agriberia.fr\/pt\/wp-json\/wp\/v2\/users\/1"}],"replies":[{"embeddable":true,"href":"https:\/\/www.agriberia.fr\/pt\/wp-json\/wp\/v2\/comments?post=22"}],"version-history":[{"count":19,"href":"https:\/\/www.agriberia.fr\/pt\/wp-json\/wp\/v2\/pages\/22\/revisions"}],"predecessor-version":[{"id":495,"href":"https:\/\/www.agriberia.fr\/pt\/wp-json\/wp\/v2\/pages\/22\/revisions\/495"}],"wp:attachment":[{"href":"https:\/\/www.agriberia.fr\/pt\/wp-json\/wp\/v2\/media?parent=22"}],"curies":[{"name":"wp","href":"https:\/\/api.w.org\/{rel}","templated":true}]}}