{"id":20,"date":"2021-06-08T10:31:29","date_gmt":"2021-06-08T08:31:29","guid":{"rendered":"http:\/\/www.agriberia.fr\/?page_id=20"},"modified":"2021-06-14T11:03:32","modified_gmt":"2021-06-14T09:03:32","slug":"accueil-importateur-exportateur","status":"publish","type":"page","link":"https:\/\/www.agriberia.fr\/pt\/","title":{"rendered":"In\u00edcio"},"content":{"rendered":"<div data-elementor-type=\"wp-page\" data-elementor-id=\"20\" class=\"elementor elementor-20\">\n\t\t\t\t\t\t<section class=\"elementor-section elementor-top-section elementor-element elementor-element-537d23a elementor-section-height-min-height elementor-section-content-middle elementor-section-full_width elementor-section-items-stretch elementor-section-height-default\" data-id=\"537d23a\" data-element_type=\"section\" data-settings=\"{&quot;background_background&quot;:&quot;classic&quot;}\">\n\t\t\t\t\t\t\t<div class=\"elementor-background-overlay\"><\/div>\n\t\t\t\t\t\t\t<div class=\"elementor-container elementor-column-gap-default\">\n\t\t\t\t\t<div class=\"elementor-column elementor-col-100 elementor-top-column elementor-element elementor-element-6fc3398\" data-id=\"6fc3398\" data-element_type=\"column\">\n\t\t\t<div class=\"elementor-widget-wrap elementor-element-populated\">\n\t\t\t\t\t\t<div class=\"elementor-element elementor-element-ec98e0e elementor-widget elementor-widget-heading\" data-id=\"ec98e0e\" data-element_type=\"widget\" data-widget_type=\"heading.default\">\n\t\t\t\t<div class=\"elementor-widget-container\">\n\t\t\t<h2 class=\"elementor-heading-title elementor-size-default\">IMPORTADOR-EXPORTADOR<\/h2>\t\t<\/div>\n\t\t\t\t<\/div>\n\t\t\t\t<div class=\"elementor-element elementor-element-ba0d3bf elementor-widget-divider--view-line elementor-widget elementor-widget-divider\" data-id=\"ba0d3bf\" data-element_type=\"widget\" data-widget_type=\"divider.default\">\n\t\t\t\t<div class=\"elementor-widget-container\">\n\t\t\t\t\t<div class=\"elementor-divider\">\n\t\t\t<span class=\"elementor-divider-separator\">\n\t\t\t\t\t\t<\/span>\n\t\t<\/div>\n\t\t\t\t<\/div>\n\t\t\t\t<\/div>\n\t\t\t\t<div class=\"elementor-element elementor-element-5d7e6bf elementor-widget elementor-widget-heading\" data-id=\"5d7e6bf\" data-element_type=\"widget\" data-widget_type=\"heading.default\">\n\t\t\t\t<div class=\"elementor-widget-container\">\n\t\t\t<h2 class=\"elementor-heading-title elementor-size-default\">IMPORTADOR E DISTRIBUIDOR, REPRESENTANTE DE PRODUTOS \u00c9TNICOS<\/h2>\t\t<\/div>\n\t\t\t\t<\/div>\n\t\t\t\t<div class=\"elementor-element elementor-element-9edcce8 elementor-button-info elementor-widget elementor-widget-button\" data-id=\"9edcce8\" data-element_type=\"widget\" data-widget_type=\"button.default\">\n\t\t\t\t<div class=\"elementor-widget-container\">\n\t\t\t\t\t<div class=\"elementor-button-wrapper\">\n\t\t\t<a class=\"elementor-button elementor-button-link elementor-size-lg elementor-animation-float\" href=\"http:\/\/www.agriberia.fr\/pt\/contact\/\" id=\"Id-contact\">\n\t\t\t\t\t\t<span class=\"elementor-button-content-wrapper\">\n\t\t\t\t\t\t<span class=\"elementor-button-icon elementor-align-icon-right\">\n\t\t\t\t<i aria-hidden=\"true\" class=\"fas fa-phone\"><\/i>\t\t\t<\/span>\n\t\t\t\t\t\t\t\t\t<span class=\"elementor-button-text\">CONTACTOS<\/span>\n\t\t\t\t\t<\/span>\n\t\t\t\t\t<\/a>\n\t\t<\/div>\n\t\t\t\t<\/div>\n\t\t\t\t<\/div>\n\t\t\t\t\t<\/div>\n\t\t<\/div>\n\t\t\t\t\t<\/div>\n\t\t<\/section>\n\t\t\t\t<section class=\"elementor-section elementor-top-section elementor-element elementor-element-ef96854 elementor-section-boxed elementor-section-height-default elementor-section-height-default\" data-id=\"ef96854\" data-element_type=\"section\">\n\t\t\t\t\t\t<div class=\"elementor-container elementor-column-gap-default\">\n\t\t\t\t\t<div class=\"elementor-column elementor-col-100 elementor-top-column elementor-element elementor-element-f3efec5\" data-id=\"f3efec5\" data-element_type=\"column\">\n\t\t\t<div class=\"elementor-widget-wrap elementor-element-populated\">\n\t\t\t\t\t\t<div class=\"elementor-element elementor-element-a438176 elementor-widget elementor-widget-heading\" data-id=\"a438176\" data-element_type=\"widget\" data-widget_type=\"heading.default\">\n\t\t\t\t<div class=\"elementor-widget-container\">\n\t\t\t<h3 class=\"elementor-heading-title elementor-size-default\">Agriberia<\/h3>\t\t<\/div>\n\t\t\t\t<\/div>\n\t\t\t\t<div class=\"elementor-element elementor-element-7f072ab elementor-widget elementor-widget-heading\" data-id=\"7f072ab\" data-element_type=\"widget\" data-widget_type=\"heading.default\">\n\t\t\t\t<div class=\"elementor-widget-container\">\n\t\t\t<h3 class=\"elementor-heading-title elementor-size-default\">Informa\u00e7\u00f5es<\/h3>\t\t<\/div>\n\t\t\t\t<\/div>\n\t\t\t\t<div class=\"elementor-element elementor-element-28d7d22 elementor-widget-divider--separator-type-pattern elementor-widget-divider--no-spacing elementor-widget-divider--view-line elementor-widget elementor-widget-divider\" data-id=\"28d7d22\" data-element_type=\"widget\" data-widget_type=\"divider.default\">\n\t\t\t\t<div class=\"elementor-widget-container\">\n\t\t\t\t\t<div class=\"elementor-divider\" style=\"--divider-pattern-url: url(&quot;data:image\/svg+xml,%3Csvg xmlns=&#039;http:\/\/www.w3.org\/2000\/svg&#039; preserveAspectRatio=&#039;xMidYMid meet&#039; overflow=&#039;visible&#039; height=&#039;100%&#039; viewBox=&#039;0 0 120 26&#039; fill=&#039;black&#039; stroke=&#039;none&#039;%3E%3Cpolygon points=&#039;0,14.4 0,21 11.5,12.4 21.3,20 30.4,11.1 40.3,20 51,12.4 60.6,20 69.6,11.1 79.3,20 90.1,12.4 99.6,20 109.7,11.1 120,21 120,14.4 109.7,5 99.6,13 90.1,5 79.3,14.5 71,5.7 60.6,12.4 51,5 40.3,14.5 31.1,5 21.3,13 11.5,5 \t&#039;\/%3E%3C\/svg%3E&quot;);\">\n\t\t\t<span class=\"elementor-divider-separator\">\n\t\t\t\t\t\t<\/span>\n\t\t<\/div>\n\t\t\t\t<\/div>\n\t\t\t\t<\/div>\n\t\t\t\t\t<\/div>\n\t\t<\/div>\n\t\t\t\t\t<\/div>\n\t\t<\/section>\n\t\t\t\t<section class=\"elementor-section elementor-top-section elementor-element elementor-element-c417998 elementor-section-full_width elementor-section-height-default elementor-section-height-default\" data-id=\"c417998\" data-element_type=\"section\">\n\t\t\t\t\t\t<div class=\"elementor-container elementor-column-gap-default\">\n\t\t\t\t\t<div class=\"elementor-column elementor-col-25 elementor-top-column elementor-element elementor-element-3e7779f\" data-id=\"3e7779f\" data-element_type=\"column\">\n\t\t\t<div class=\"elementor-widget-wrap elementor-element-populated\">\n\t\t\t\t\t\t<div class=\"elementor-element elementor-element-3991c79 elementor-button-info elementor-align-center elementor-invisible elementor-widget elementor-widget-button\" data-id=\"3991c79\" data-element_type=\"widget\" data-settings=\"{&quot;_animation&quot;:&quot;fadeInDown&quot;}\" data-widget_type=\"button.default\">\n\t\t\t\t<div class=\"elementor-widget-container\">\n\t\t\t\t\t<div class=\"elementor-button-wrapper\">\n\t\t\t<a class=\"elementor-button elementor-button-link elementor-size-md elementor-animation-float\" href=\"http:\/\/www.agriberia.fr\/pt\/nos-savoir-faire\/\" id=\"Id-savoir-faire\">\n\t\t\t\t\t\t<span class=\"elementor-button-content-wrapper\">\n\t\t\t\t\t\t<span class=\"elementor-button-icon elementor-align-icon-left\">\n\t\t\t\t<i aria-hidden=\"true\" class=\"fas fa-box\"><\/i>\t\t\t<\/span>\n\t\t\t\t\t\t\t\t\t<span class=\"elementor-button-text\">Sobre n\u00f3s<\/span>\n\t\t\t\t\t<\/span>\n\t\t\t\t\t<\/a>\n\t\t<\/div>\n\t\t\t\t<\/div>\n\t\t\t\t<\/div>\n\t\t\t\t\t<\/div>\n\t\t<\/div>\n\t\t\t\t<div class=\"elementor-column elementor-col-25 elementor-top-column elementor-element elementor-element-040ea3d\" data-id=\"040ea3d\" data-element_type=\"column\">\n\t\t\t<div class=\"elementor-widget-wrap elementor-element-populated\">\n\t\t\t\t\t\t<div class=\"elementor-element elementor-element-fcb59c7 elementor-button-info elementor-align-center elementor-invisible elementor-widget elementor-widget-button\" data-id=\"fcb59c7\" data-element_type=\"widget\" data-settings=\"{&quot;_animation&quot;:&quot;fadeInDown&quot;}\" data-widget_type=\"button.default\">\n\t\t\t\t<div class=\"elementor-widget-container\">\n\t\t\t\t\t<div class=\"elementor-button-wrapper\">\n\t\t\t<a class=\"elementor-button elementor-button-link elementor-size-md elementor-animation-float\" href=\"http:\/\/www.agriberia.fr\/pt\/nos-services\/\" id=\"Id-nos-services\">\n\t\t\t\t\t\t<span class=\"elementor-button-content-wrapper\">\n\t\t\t\t\t\t<span class=\"elementor-button-icon elementor-align-icon-left\">\n\t\t\t\t<i aria-hidden=\"true\" class=\"fas fa-smile-beam\"><\/i>\t\t\t<\/span>\n\t\t\t\t\t\t\t\t\t<span class=\"elementor-button-text\">Servi\u00e7os<\/span>\n\t\t\t\t\t<\/span>\n\t\t\t\t\t<\/a>\n\t\t<\/div>\n\t\t\t\t<\/div>\n\t\t\t\t<\/div>\n\t\t\t\t\t<\/div>\n\t\t<\/div>\n\t\t\t\t<div class=\"elementor-column elementor-col-25 elementor-top-column elementor-element elementor-element-26c2241\" data-id=\"26c2241\" data-element_type=\"column\">\n\t\t\t<div class=\"elementor-widget-wrap elementor-element-populated\">\n\t\t\t\t\t\t<div class=\"elementor-element elementor-element-a3b60f2 elementor-button-info elementor-align-center elementor-invisible elementor-widget elementor-widget-button\" data-id=\"a3b60f2\" data-element_type=\"widget\" data-settings=\"{&quot;_animation&quot;:&quot;fadeInDown&quot;}\" data-widget_type=\"button.default\">\n\t\t\t\t<div class=\"elementor-widget-container\">\n\t\t\t\t\t<div class=\"elementor-button-wrapper\">\n\t\t\t<a class=\"elementor-button elementor-button-link elementor-size-md elementor-animation-float\" href=\"http:\/\/www.agriberia.fr\/pt\/nos-partenaires\/\" id=\"Id-nos-services\">\n\t\t\t\t\t\t<span class=\"elementor-button-content-wrapper\">\n\t\t\t\t\t\t<span class=\"elementor-button-icon elementor-align-icon-left\">\n\t\t\t\t<i aria-hidden=\"true\" class=\"fas fa-thumbs-up\"><\/i>\t\t\t<\/span>\n\t\t\t\t\t\t\t\t\t<span class=\"elementor-button-text\">Parceiros<\/span>\n\t\t\t\t\t<\/span>\n\t\t\t\t\t<\/a>\n\t\t<\/div>\n\t\t\t\t<\/div>\n\t\t\t\t<\/div>\n\t\t\t\t\t<\/div>\n\t\t<\/div>\n\t\t\t\t<div class=\"elementor-column elementor-col-25 elementor-top-column elementor-element elementor-element-679522f\" data-id=\"679522f\" data-element_type=\"column\">\n\t\t\t<div class=\"elementor-widget-wrap elementor-element-populated\">\n\t\t\t\t\t\t<div class=\"elementor-element elementor-element-316b1c9 elementor-button-info elementor-align-center elementor-invisible elementor-widget elementor-widget-button\" data-id=\"316b1c9\" data-element_type=\"widget\" data-settings=\"{&quot;_animation&quot;:&quot;fadeInDown&quot;}\" data-widget_type=\"button.default\">\n\t\t\t\t<div class=\"elementor-widget-container\">\n\t\t\t\t\t<div class=\"elementor-button-wrapper\">\n\t\t\t<a class=\"elementor-button elementor-button-link elementor-size-md elementor-animation-float\" href=\"http:\/\/www.agriberia.fr\/pt\/Catalogue\/\" id=\"Id-notre-catalogue\">\n\t\t\t\t\t\t<span class=\"elementor-button-content-wrapper\">\n\t\t\t\t\t\t<span class=\"elementor-button-icon elementor-align-icon-left\">\n\t\t\t\t<i aria-hidden=\"true\" class=\"far fa-file-image\"><\/i>\t\t\t<\/span>\n\t\t\t\t\t\t\t\t\t<span class=\"elementor-button-text\">Cat\u00e1logo<\/span>\n\t\t\t\t\t<\/span>\n\t\t\t\t\t<\/a>\n\t\t<\/div>\n\t\t\t\t<\/div>\n\t\t\t\t<\/div>\n\t\t\t\t\t<\/div>\n\t\t<\/div>\n\t\t\t\t\t<\/div>\n\t\t<\/section>\n\t\t\t\t<section class=\"elementor-section elementor-top-section elementor-element elementor-element-615ad15 elementor-section-boxed elementor-section-height-default elementor-section-height-default\" data-id=\"615ad15\" data-element_type=\"section\">\n\t\t\t\t\t\t<div class=\"elementor-container elementor-column-gap-default\">\n\t\t\t\t\t<div class=\"elementor-column elementor-col-100 elementor-top-column elementor-element elementor-element-528fafe\" data-id=\"528fafe\" data-element_type=\"column\">\n\t\t\t<div class=\"elementor-widget-wrap elementor-element-populated\">\n\t\t\t\t\t\t<div class=\"elementor-element elementor-element-088f6ef elementor-widget elementor-widget-text-editor\" data-id=\"088f6ef\" data-element_type=\"widget\" data-widget_type=\"text-editor.default\">\n\t\t\t\t<div class=\"elementor-widget-container\">\n\t\t\t\t\t\t\t<p hidden=\"\">Ce texte est pr\u00e9sent dans l&rsquo;objectif d&rsquo;augmenter la visibilit\u00e9 du site. Afin que. Ainsi que. Avant tout. De surcroit. Deuxi\u00e8mement. \u00c9galement. Donc. Ensuite. Ou bien. En deuxi\u00e8me lieu. Par ailleurs. Pour prendre un autre exemple; Pr\u00e9c\u00e9demment. Sans parler de. Tout en reconnaissant que. \u00c0 ce jour, \u00e0 ce propos, \u00e0 ce sujet, \u00e0 cet \u00e9gard, \u00e0 compter de, \u00e0 condition que, \u00e0 d\u00e9faut de, \u00e0 force de, \u00e0 juste titre, \u00e0 (la) condition que, \u00e0 la lumi\u00e8re de, \u00e0 l\u2019aide de, \u00e0 l\u2019appui de, \u00e0 l\u2019encontre de, \u00e0 l\u2019\u00e9poque actuelle, \u00e0 l\u2019exception de, \u00e0 l\u2019exclusion de, \u00e0 l\u2019heure actuelle, \u00e0 l\u2019image de, \u00e0 l\u2019instar de, \u00e0 mesure que, \u00e0 moins que, \u00e0 nouveau, \u00e0 partir de, \u00e0 savoir, \u00e0 supposer que, \u00e0 tel point que. Car, C&rsquo;est-\u00e0-dire. En effet. Effectivement. \u00c9tant donn\u00e9 que. Puisque. Entre autres. Notamment. Par exemple. Autant dire que. Importateur en outre. Or. Puis. D&rsquo;abord importateur ensuite.<\/p>\t\t\t\t\t\t<\/div>\n\t\t\t\t<\/div>\n\t\t\t\t\t<\/div>\n\t\t<\/div>\n\t\t\t\t\t<\/div>\n\t\t<\/section>\n\t\t\t\t<section class=\"elementor-section elementor-top-section elementor-element elementor-element-2dba8c3 elementor-section-boxed elementor-section-height-default elementor-section-height-default\" data-id=\"2dba8c3\" data-element_type=\"section\">\n\t\t\t\t\t\t<div class=\"elementor-container elementor-column-gap-default\">\n\t\t\t\t\t<div class=\"elementor-column elementor-col-100 elementor-top-column elementor-element elementor-element-9d2acad\" data-id=\"9d2acad\" data-element_type=\"column\">\n\t\t\t<div class=\"elementor-widget-wrap elementor-element-populated\">\n\t\t\t\t\t\t<div class=\"elementor-element elementor-element-f352f06 elementor-widget elementor-widget-text-editor\" data-id=\"f352f06\" data-element_type=\"widget\" data-widget_type=\"text-editor.default\">\n\t\t\t\t<div class=\"elementor-widget-container\">\n\t\t\t\t\t\t\t<p hidden=\"\">Distributeur Puisque. Portugal Puisque. Espagne Puisque. Ce texte est pr\u00e9sent dans l&rsquo;objectif d&rsquo;augmenter la visibilit\u00e9 du site. Afin que. Ainsi que. Avant tout. De surcroit. Deuxi\u00e8mement. \u00c9galement. Donc. Ensuite. Ou bien. En deuxi\u00e8me lieu. Par ailleurs. Pour prendre un autre exemple; Pr\u00e9c\u00e9demment. Sans parler de. Tout en reconnaissant que. \u00c0 ce jour, \u00e0 ce propos, \u00e0 ce sujet, \u00e0 cet \u00e9gard, \u00e0 compter de, \u00e0 condition que, \u00e0 d\u00e9faut de, \u00e0 force de, \u00e0 juste titre, \u00e0 (la) condition que, \u00e0 la lumi\u00e8re de, \u00e0 l\u2019aide de, \u00e0 l\u2019appui de, \u00e0 l\u2019encontre de, \u00e0 l\u2019\u00e9poque actuelle, \u00e0 l\u2019exception de, \u00e0 l\u2019exclusion de, \u00e0 l\u2019heure actuelle, \u00e0 l\u2019image de, \u00e0 l\u2019instar de, \u00e0 mesure que, \u00e0 moins que, \u00e0 nouveau, \u00e0 partir de, \u00e0 savoir, \u00e0 supposer que, \u00e0 tel point que. Car, C&rsquo;est-\u00e0-dire. En effet. Effectivement. \u00c9tant donn\u00e9 que. Puisque. Entre autres. Notamment.<\/p>\t\t\t\t\t\t<\/div>\n\t\t\t\t<\/div>\n\t\t\t\t\t<\/div>\n\t\t<\/div>\n\t\t\t\t\t<\/div>\n\t\t<\/section>\n\t\t\t\t<\/div>","protected":false},"excerpt":{"rendered":"<p>IMPORTATEUR-EXPORTATEUR IMPORTATEUR ET DISTRIBUTEUR DE PRODUITS ETHNIQUES CONTACT Agriberia qu&rsquo;est-ce que c&rsquo;est ? Nos informations Savoir-faire Services Partenaires Catalogue Ce texte est pr\u00e9sent dans l&rsquo;objectif d&rsquo;augmenter la visibilit\u00e9 du site. Afin que. Ainsi que. Avant tout. De surcroit. Deuxi\u00e8mement. \u00c9galement. Donc. Ensuite. Ou bien. En deuxi\u00e8me lieu. Par ailleurs. Pour prendre un autre exemple; Pr\u00e9c\u00e9demment&#8230;.<\/p>","protected":false},"author":1,"featured_media":0,"parent":0,"menu_order":0,"comment_status":"closed","ping_status":"closed","template":"","meta":{"_kad_post_transparent":"","_kad_post_title":"hide","_kad_post_layout":"fullwidth","_kad_post_sidebar_id":"","_kad_post_content_style":"unboxed","_kad_post_vertical_padding":"hide","_kad_post_feature":"hide","_kad_post_feature_position":"","_kad_post_header":false,"_kad_post_footer":false,"footnotes":""},"class_list":["post-20","page","type-page","status-publish","hentry"],"yoast_head":"<!-- This site is optimized with the Yoast SEO plugin v27.5 - https:\/\/yoast.com\/product\/yoast-seo-wordpress\/ -->\n<title>Importateur-exportateur de produits ethniques - Agriberia -<\/title>\n<meta name=\"description\" content=\"Importateur et exportateur dans l&#039;agroalimentaire. De nombreux produits ib\u00e9riques (portugais, espagnols) sont \u00e0 la carte.\" \/>\n<meta name=\"robots\" content=\"index, follow, max-snippet:-1, max-image-preview:large, max-video-preview:-1\" \/>\n<link rel=\"canonical\" href=\"https:\/\/www.agriberia.fr\/pt\/\" \/>\n<meta property=\"og:locale\" content=\"pt_PT\" \/>\n<meta property=\"og:type\" content=\"article\" \/>\n<meta property=\"og:title\" content=\"Importateur-exportateur de produits ethniques - Agriberia\" \/>\n<meta property=\"og:description\" content=\"Importateur et exportateur dans l&#039;agroalimentaire. De nombreux produits ib\u00e9riques (portugais, espagnols) sont \u00e0 la carte.\" \/>\n<meta property=\"og:url\" content=\"https:\/\/www.agriberia.fr\/pt\/\" \/>\n<meta property=\"og:site_name\" content=\"Agriberia\" \/>\n<meta property=\"article:publisher\" content=\"https:\/\/fr-fr.facebook.com\/agriberia\/\" \/>\n<meta property=\"article:modified_time\" content=\"2021-06-14T09:03:32+00:00\" \/>\n<meta property=\"og:image\" content=\"https:\/\/www.agriberia.fr\/wp-content\/uploads\/2021\/06\/siege-social-agriberia-loca-scaled-1.jpg\" \/>\n\t<meta property=\"og:image:width\" content=\"2560\" \/>\n\t<meta property=\"og:image:height\" content=\"1920\" \/>\n\t<meta property=\"og:image:type\" content=\"image\/jpeg\" \/>\n<meta name=\"twitter:card\" content=\"summary_large_image\" \/>\n<meta name=\"twitter:title\" content=\"Importateur-exportateur de produits ethniques - Agriberia\" \/>\n<meta name=\"twitter:description\" content=\"Importateur et exportateur dans l&#039;agroalimentaire. De nombreux produits ib\u00e9riques (portugais, espagnols) sont \u00e0 la carte.\" \/>\n<meta name=\"twitter:image\" content=\"https:\/\/www.agriberia.fr\/wp-content\/uploads\/2021\/06\/siege-social-agriberia-loca-scaled-1.jpg\" \/>\n<meta name=\"twitter:label1\" content=\"Tempo estimado de leitura\" \/>\n\t<meta name=\"twitter:data1\" content=\"2 minutos\" \/>\n<script type=\"application\/ld+json\" class=\"yoast-schema-graph\">{\"@context\":\"https:\\\/\\\/schema.org\",\"@graph\":[{\"@type\":\"WebPage\",\"@id\":\"https:\\\/\\\/www.agriberia.fr\\\/\",\"url\":\"https:\\\/\\\/www.agriberia.fr\\\/\",\"name\":\"Importateur-exportateur de produits ethniques - Agriberia -\",\"isPartOf\":{\"@id\":\"https:\\\/\\\/www.agriberia.fr\\\/#website\"},\"datePublished\":\"2021-06-08T08:31:29+00:00\",\"dateModified\":\"2021-06-14T09:03:32+00:00\",\"description\":\"Importateur et exportateur dans l'agroalimentaire. De nombreux produits ib\u00e9riques (portugais, espagnols) sont \u00e0 la carte.\",\"breadcrumb\":{\"@id\":\"https:\\\/\\\/www.agriberia.fr\\\/#breadcrumb\"},\"inLanguage\":\"pt-PT\",\"potentialAction\":[{\"@type\":\"ReadAction\",\"target\":[\"https:\\\/\\\/www.agriberia.fr\\\/\"]}]},{\"@type\":\"BreadcrumbList\",\"@id\":\"https:\\\/\\\/www.agriberia.fr\\\/#breadcrumb\",\"itemListElement\":[{\"@type\":\"ListItem\",\"position\":1,\"name\":\"Accueil\",\"item\":\"https:\\\/\\\/www.agriberia.fr\\\/\"},{\"@type\":\"ListItem\",\"position\":2,\"name\":\"Accueil\"}]},{\"@type\":\"WebSite\",\"@id\":\"https:\\\/\\\/www.agriberia.fr\\\/#website\",\"url\":\"https:\\\/\\\/www.agriberia.fr\\\/\",\"name\":\"Agriberia\",\"description\":\"Agriberia est une entreprise d&#039;import-export dans l&#039;agroalimentaire. De nombreux produits ib\u00e9rique (portugais, espagnol) sont a la carte.\",\"publisher\":{\"@id\":\"https:\\\/\\\/www.agriberia.fr\\\/#organization\"},\"potentialAction\":[{\"@type\":\"SearchAction\",\"target\":{\"@type\":\"EntryPoint\",\"urlTemplate\":\"https:\\\/\\\/www.agriberia.fr\\\/?s={search_term_string}\"},\"query-input\":{\"@type\":\"PropertyValueSpecification\",\"valueRequired\":true,\"valueName\":\"search_term_string\"}}],\"inLanguage\":\"pt-PT\"},{\"@type\":\"Organization\",\"@id\":\"https:\\\/\\\/www.agriberia.fr\\\/#organization\",\"name\":\"Agriberia\",\"url\":\"https:\\\/\\\/www.agriberia.fr\\\/\",\"logo\":{\"@type\":\"ImageObject\",\"inLanguage\":\"pt-PT\",\"@id\":\"https:\\\/\\\/www.agriberia.fr\\\/#\\\/schema\\\/logo\\\/image\\\/\",\"url\":\"https:\\\/\\\/www.agriberia.fr\\\/wp-content\\\/uploads\\\/2021\\\/06\\\/logo-agriberia-300x121-1.png\",\"contentUrl\":\"https:\\\/\\\/www.agriberia.fr\\\/wp-content\\\/uploads\\\/2021\\\/06\\\/logo-agriberia-300x121-1.png\",\"width\":300,\"height\":121,\"caption\":\"Agriberia\"},\"image\":{\"@id\":\"https:\\\/\\\/www.agriberia.fr\\\/#\\\/schema\\\/logo\\\/image\\\/\"},\"sameAs\":[\"https:\\\/\\\/fr-fr.facebook.com\\\/agriberia\\\/\",\"https:\\\/\\\/fr.linkedin.com\\\/company\\\/agriberia-importexport\"]}]}<\/script>\n<!-- \/ Yoast SEO plugin. -->","yoast_head_json":{"title":"Importateur-exportateur de produits ethniques - Agriberia -","description":"Importateur et exportateur dans l'agroalimentaire. De nombreux produits ib\u00e9riques (portugais, espagnols) sont \u00e0 la carte.","robots":{"index":"index","follow":"follow","max-snippet":"max-snippet:-1","max-image-preview":"max-image-preview:large","max-video-preview":"max-video-preview:-1"},"canonical":"https:\/\/www.agriberia.fr\/pt\/","og_locale":"pt_PT","og_type":"article","og_title":"Importateur-exportateur de produits ethniques - Agriberia","og_description":"Importateur et exportateur dans l'agroalimentaire. De nombreux produits ib\u00e9riques (portugais, espagnols) sont \u00e0 la carte.","og_url":"https:\/\/www.agriberia.fr\/pt\/","og_site_name":"Agriberia","article_publisher":"https:\/\/fr-fr.facebook.com\/agriberia\/","article_modified_time":"2021-06-14T09:03:32+00:00","og_image":[{"width":2560,"height":1920,"url":"https:\/\/www.agriberia.fr\/wp-content\/uploads\/2021\/06\/siege-social-agriberia-loca-scaled-1.jpg","type":"image\/jpeg"}],"twitter_card":"summary_large_image","twitter_title":"Importateur-exportateur de produits ethniques - Agriberia","twitter_description":"Importateur et exportateur dans l'agroalimentaire. De nombreux produits ib\u00e9riques (portugais, espagnols) sont \u00e0 la carte.","twitter_image":"https:\/\/www.agriberia.fr\/wp-content\/uploads\/2021\/06\/siege-social-agriberia-loca-scaled-1.jpg","twitter_misc":{"Tempo estimado de leitura":"2 minutos"},"schema":{"@context":"https:\/\/schema.org","@graph":[{"@type":"WebPage","@id":"https:\/\/www.agriberia.fr\/","url":"https:\/\/www.agriberia.fr\/","name":"Importateur-exportateur de produits ethniques - Agriberia -","isPartOf":{"@id":"https:\/\/www.agriberia.fr\/#website"},"datePublished":"2021-06-08T08:31:29+00:00","dateModified":"2021-06-14T09:03:32+00:00","description":"Importateur et exportateur dans l'agroalimentaire. De nombreux produits ib\u00e9riques (portugais, espagnols) sont \u00e0 la carte.","breadcrumb":{"@id":"https:\/\/www.agriberia.fr\/#breadcrumb"},"inLanguage":"pt-PT","potentialAction":[{"@type":"ReadAction","target":["https:\/\/www.agriberia.fr\/"]}]},{"@type":"BreadcrumbList","@id":"https:\/\/www.agriberia.fr\/#breadcrumb","itemListElement":[{"@type":"ListItem","position":1,"name":"Accueil","item":"https:\/\/www.agriberia.fr\/"},{"@type":"ListItem","position":2,"name":"Accueil"}]},{"@type":"WebSite","@id":"https:\/\/www.agriberia.fr\/#website","url":"https:\/\/www.agriberia.fr\/","name":"Agriberia","description":"Agriberia est une entreprise d&#039;import-export dans l&#039;agroalimentaire. De nombreux produits ib\u00e9rique (portugais, espagnol) sont a la carte.","publisher":{"@id":"https:\/\/www.agriberia.fr\/#organization"},"potentialAction":[{"@type":"SearchAction","target":{"@type":"EntryPoint","urlTemplate":"https:\/\/www.agriberia.fr\/?s={search_term_string}"},"query-input":{"@type":"PropertyValueSpecification","valueRequired":true,"valueName":"search_term_string"}}],"inLanguage":"pt-PT"},{"@type":"Organization","@id":"https:\/\/www.agriberia.fr\/#organization","name":"Agriberia","url":"https:\/\/www.agriberia.fr\/","logo":{"@type":"ImageObject","inLanguage":"pt-PT","@id":"https:\/\/www.agriberia.fr\/#\/schema\/logo\/image\/","url":"https:\/\/www.agriberia.fr\/wp-content\/uploads\/2021\/06\/logo-agriberia-300x121-1.png","contentUrl":"https:\/\/www.agriberia.fr\/wp-content\/uploads\/2021\/06\/logo-agriberia-300x121-1.png","width":300,"height":121,"caption":"Agriberia"},"image":{"@id":"https:\/\/www.agriberia.fr\/#\/schema\/logo\/image\/"},"sameAs":["https:\/\/fr-fr.facebook.com\/agriberia\/","https:\/\/fr.linkedin.com\/company\/agriberia-importexport"]}]}},"_links":{"self":[{"href":"https:\/\/www.agriberia.fr\/pt\/wp-json\/wp\/v2\/pages\/20","targetHints":{"allow":["GET"]}}],"collection":[{"href":"https:\/\/www.agriberia.fr\/pt\/wp-json\/wp\/v2\/pages"}],"about":[{"href":"https:\/\/www.agriberia.fr\/pt\/wp-json\/wp\/v2\/types\/page"}],"author":[{"embeddable":true,"href":"https:\/\/www.agriberia.fr\/pt\/wp-json\/wp\/v2\/users\/1"}],"replies":[{"embeddable":true,"href":"https:\/\/www.agriberia.fr\/pt\/wp-json\/wp\/v2\/comments?post=20"}],"version-history":[{"count":31,"href":"https:\/\/www.agriberia.fr\/pt\/wp-json\/wp\/v2\/pages\/20\/revisions"}],"predecessor-version":[{"id":371,"href":"https:\/\/www.agriberia.fr\/pt\/wp-json\/wp\/v2\/pages\/20\/revisions\/371"}],"wp:attachment":[{"href":"https:\/\/www.agriberia.fr\/pt\/wp-json\/wp\/v2\/media?parent=20"}],"curies":[{"name":"wp","href":"https:\/\/api.w.org\/{rel}","templated":true}]}}