{"id":1412,"date":"2026-04-07T12:22:47","date_gmt":"2026-04-07T10:22:47","guid":{"rendered":"https:\/\/www.agriberia.fr\/?page_id=1412"},"modified":"2026-04-07T16:04:12","modified_gmt":"2026-04-07T14:04:12","slug":"catalogue-de-produits-grecs","status":"publish","type":"page","link":"https:\/\/www.agriberia.fr\/pt\/catalogue-de-produits-grecs\/","title":{"rendered":"Catalogue de produits grecs"},"content":{"rendered":"<div data-elementor-type=\"wp-page\" data-elementor-id=\"1412\" class=\"elementor elementor-1412\">\n\t\t\t\t\t\t<section class=\"elementor-section elementor-top-section elementor-element elementor-element-24dcf15 elementor-section-boxed elementor-section-height-default elementor-section-height-default\" data-id=\"24dcf15\" data-element_type=\"section\" data-settings=\"{&quot;background_background&quot;:&quot;classic&quot;}\">\n\t\t\t\t\t\t\t<div class=\"elementor-background-overlay\"><\/div>\n\t\t\t\t\t\t\t<div class=\"elementor-container elementor-column-gap-default\">\n\t\t\t\t\t<div class=\"elementor-column elementor-col-100 elementor-top-column elementor-element elementor-element-0606a84\" data-id=\"0606a84\" data-element_type=\"column\">\n\t\t\t<div class=\"elementor-widget-wrap elementor-element-populated\">\n\t\t\t\t\t\t<div class=\"elementor-element elementor-element-5513e96 elementor-widget elementor-widget-heading\" data-id=\"5513e96\" data-element_type=\"widget\" data-widget_type=\"heading.default\">\n\t\t\t\t<div class=\"elementor-widget-container\">\n\t\t\t<h2 class=\"elementor-heading-title elementor-size-default\"><br>Nous avons le plaisir de vous partager notre gamme de produits grecs !<\/h2>\t\t<\/div>\n\t\t\t\t<\/div>\n\t\t\t\t\t<\/div>\n\t\t<\/div>\n\t\t\t\t\t<\/div>\n\t\t<\/section>\n\t\t\t\t<section class=\"elementor-section elementor-top-section elementor-element elementor-element-d2ebf73 elementor-section-full_width elementor-section-content-middle elementor-section-height-default elementor-section-height-default\" data-id=\"d2ebf73\" data-element_type=\"section\" data-settings=\"{&quot;background_background&quot;:&quot;classic&quot;}\">\n\t\t\t\t\t\t\t<div class=\"elementor-background-overlay\"><\/div>\n\t\t\t\t\t\t\t<div class=\"elementor-container elementor-column-gap-default\">\n\t\t\t\t\t<div class=\"elementor-column elementor-col-100 elementor-top-column elementor-element elementor-element-48b9665\" data-id=\"48b9665\" data-element_type=\"column\">\n\t\t\t<div class=\"elementor-widget-wrap elementor-element-populated\">\n\t\t\t\t\t\t<div class=\"elementor-element elementor-element-a1d70f8 elementor-view-framed elementor-shape-square elementor-position-top elementor-mobile-position-top elementor-widget elementor-widget-icon-box\" data-id=\"a1d70f8\" data-element_type=\"widget\" data-widget_type=\"icon-box.default\">\n\t\t\t\t<div class=\"elementor-widget-container\">\n\t\t\t\t\t<div class=\"elementor-icon-box-wrapper\">\n\n\t\t\t\t\t\t<div class=\"elementor-icon-box-icon\">\n\t\t\t\t<span  class=\"elementor-icon elementor-animation-\">\n\t\t\t\t<i aria-hidden=\"true\" class=\"fas fa-bread-slice\"><\/i>\t\t\t\t<\/span>\n\t\t\t<\/div>\n\t\t\t\n\t\t\t\t\t\t<div class=\"elementor-icon-box-content\">\n\n\t\t\t\t\t\t\t\t\t<h3 class=\"elementor-icon-box-title\">\n\t\t\t\t\t\t<span  >\n\t\t\t\t\t\t\tMercearia\t\t\t\t\t\t<\/span>\n\t\t\t\t\t<\/h3>\n\t\t\t\t\n\t\t\t\t\n\t\t\t<\/div>\n\t\t\t\n\t\t<\/div>\n\t\t\t\t<\/div>\n\t\t\t\t<\/div>\n\t\t\t\t<div class=\"elementor-element elementor-element-8cde12f elementor-align-center elementor-widget elementor-widget-button\" data-id=\"8cde12f\" data-element_type=\"widget\" data-widget_type=\"button.default\">\n\t\t\t\t<div class=\"elementor-widget-container\">\n\t\t\t\t\t<div class=\"elementor-button-wrapper\">\n\t\t\t<a class=\"elementor-button elementor-button-link elementor-size-sm\" href=\"https:\/\/www.agriberia.fr\/wp-content\/uploads\/2026\/04\/Catalogue-Grece-MEDIZIA-03.2026.pdf\">\n\t\t\t\t\t\t<span class=\"elementor-button-content-wrapper\">\n\t\t\t\t\t\t<span class=\"elementor-button-icon elementor-align-icon-right\">\n\t\t\t\t<i aria-hidden=\"true\" class=\"far fa-file-pdf\"><\/i>\t\t\t<\/span>\n\t\t\t\t\t\t\t\t\t<span class=\"elementor-button-text\">Descarregar<\/span>\n\t\t\t\t\t<\/span>\n\t\t\t\t\t<\/a>\n\t\t<\/div>\n\t\t\t\t<\/div>\n\t\t\t\t<\/div>\n\t\t\t\t<div class=\"elementor-element elementor-element-4b752fe elementor-widget elementor-widget-text-editor\" data-id=\"4b752fe\" data-element_type=\"widget\" data-widget_type=\"text-editor.default\">\n\t\t\t\t<div class=\"elementor-widget-container\">\n\t\t\t\t\t\t\t<p><strong>Se voc\u00ea gostaria de ver produtos de outros pa\u00edses, clique nos bot\u00f5es abaixo!<\/strong><\/p>\t\t\t\t\t\t<\/div>\n\t\t\t\t<\/div>\n\t\t\t\t\t<\/div>\n\t\t<\/div>\n\t\t\t\t\t<\/div>\n\t\t<\/section>\n\t\t\t\t<section class=\"elementor-section elementor-top-section elementor-element elementor-element-a5ec573 elementor-section-boxed elementor-section-height-default elementor-section-height-default\" data-id=\"a5ec573\" data-element_type=\"section\">\n\t\t\t\t\t\t<div class=\"elementor-container elementor-column-gap-default\">\n\t\t\t\t\t<div class=\"elementor-column elementor-col-33 elementor-top-column elementor-element elementor-element-a0593fe\" data-id=\"a0593fe\" data-element_type=\"column\">\n\t\t\t<div class=\"elementor-widget-wrap elementor-element-populated\">\n\t\t\t\t\t\t<div class=\"elementor-element elementor-element-561bc8c elementor-align-center elementor-widget elementor-widget-button\" data-id=\"561bc8c\" data-element_type=\"widget\" data-widget_type=\"button.default\">\n\t\t\t\t<div class=\"elementor-widget-container\">\n\t\t\t\t\t<div class=\"elementor-button-wrapper\">\n\t\t\t<a class=\"elementor-button elementor-button-link elementor-size-sm\" href=\"http:\/\/www.agriberia.fr\/pt\/catalogue-de-produits-portugais\/\">\n\t\t\t\t\t\t<span class=\"elementor-button-content-wrapper\">\n\t\t\t\t\t\t\t\t\t<span class=\"elementor-button-text\">Portugal<\/span>\n\t\t\t\t\t<\/span>\n\t\t\t\t\t<\/a>\n\t\t<\/div>\n\t\t\t\t<\/div>\n\t\t\t\t<\/div>\n\t\t\t\t\t<\/div>\n\t\t<\/div>\n\t\t\t\t<div class=\"elementor-column elementor-col-33 elementor-top-column elementor-element elementor-element-8e12a49\" data-id=\"8e12a49\" data-element_type=\"column\">\n\t\t\t<div class=\"elementor-widget-wrap elementor-element-populated\">\n\t\t\t\t\t\t<div class=\"elementor-element elementor-element-bff5a12 elementor-align-center elementor-widget elementor-widget-button\" data-id=\"bff5a12\" data-element_type=\"widget\" data-widget_type=\"button.default\">\n\t\t\t\t<div class=\"elementor-widget-container\">\n\t\t\t\t\t<div class=\"elementor-button-wrapper\">\n\t\t\t<a class=\"elementor-button elementor-button-link elementor-size-sm\" href=\"http:\/\/www.agriberia.fr\/pt\/catalogue-produits-espagnols\/\">\n\t\t\t\t\t\t<span class=\"elementor-button-content-wrapper\">\n\t\t\t\t\t\t\t\t\t<span class=\"elementor-button-text\">Espanha<\/span>\n\t\t\t\t\t<\/span>\n\t\t\t\t\t<\/a>\n\t\t<\/div>\n\t\t\t\t<\/div>\n\t\t\t\t<\/div>\n\t\t\t\t\t<\/div>\n\t\t<\/div>\n\t\t\t\t<div class=\"elementor-column elementor-col-33 elementor-top-column elementor-element elementor-element-2e2dc9e\" data-id=\"2e2dc9e\" data-element_type=\"column\">\n\t\t\t<div class=\"elementor-widget-wrap elementor-element-populated\">\n\t\t\t\t\t\t<div class=\"elementor-element elementor-element-57fbdc5 elementor-align-center elementor-widget elementor-widget-button\" data-id=\"57fbdc5\" data-element_type=\"widget\" data-widget_type=\"button.default\">\n\t\t\t\t<div class=\"elementor-widget-container\">\n\t\t\t\t\t<div class=\"elementor-button-wrapper\">\n\t\t\t<a class=\"elementor-button elementor-button-link elementor-size-sm\" href=\"http:\/\/www.agriberia.fr\/pt\/catalogue-produits-asiatiques\/\">\n\t\t\t\t\t\t<span class=\"elementor-button-content-wrapper\">\n\t\t\t\t\t\t\t\t\t<span class=\"elementor-button-text\">Asi\u00e1ticos<\/span>\n\t\t\t\t\t<\/span>\n\t\t\t\t\t<\/a>\n\t\t<\/div>\n\t\t\t\t<\/div>\n\t\t\t\t<\/div>\n\t\t\t\t\t<\/div>\n\t\t<\/div>\n\t\t\t\t\t<\/div>\n\t\t<\/section>\n\t\t\t\t<\/div>","protected":false},"excerpt":{"rendered":"<p>Nous avons le plaisir de vous partager notre gamme de produits grecs ! \u00c9picerie T\u00e9l\u00e9charger Si vous souhaitez consulter les produits des autres pays n&rsquo;h\u00e9sitez pas \u00e0 cliquez sur les boutons ci-dessous. Portugal Espagne Asiatiques<\/p>","protected":false},"author":1,"featured_media":0,"parent":0,"menu_order":0,"comment_status":"closed","ping_status":"closed","template":"","meta":{"_kad_post_transparent":"","_kad_post_title":"hide","_kad_post_layout":"fullwidth","_kad_post_sidebar_id":"","_kad_post_content_style":"unboxed","_kad_post_vertical_padding":"hide","_kad_post_feature":"hide","_kad_post_feature_position":"","_kad_post_header":false,"_kad_post_footer":false,"footnotes":""},"class_list":["post-1412","page","type-page","status-publish","hentry"],"yoast_head":"<!-- This site is optimized with the Yoast SEO plugin v27.3 - https:\/\/yoast.com\/product\/yoast-seo-wordpress\/ -->\n<title>Catalogue de produits grecs - Agriberia<\/title>\n<meta name=\"robots\" content=\"index, follow, max-snippet:-1, max-image-preview:large, max-video-preview:-1\" \/>\n<link rel=\"canonical\" href=\"https:\/\/www.agriberia.fr\/pt\/catalogue-de-produits-grecs\/\" \/>\n<meta property=\"og:locale\" content=\"pt_PT\" \/>\n<meta property=\"og:type\" content=\"article\" \/>\n<meta property=\"og:title\" content=\"Catalogue de produits grecs - Agriberia\" \/>\n<meta property=\"og:description\" content=\"Nous avons le plaisir de vous partager notre gamme de produits grecs ! \u00c9picerie T\u00e9l\u00e9charger Si vous souhaitez consulter les produits des autres pays n&rsquo;h\u00e9sitez pas \u00e0 cliquez sur les boutons ci-dessous. Portugal Espagne Asiatiques\" \/>\n<meta property=\"og:url\" content=\"https:\/\/www.agriberia.fr\/pt\/catalogue-de-produits-grecs\/\" \/>\n<meta property=\"og:site_name\" content=\"Agriberia\" \/>\n<meta property=\"article:publisher\" content=\"https:\/\/fr-fr.facebook.com\/agriberia\/\" \/>\n<meta property=\"article:modified_time\" content=\"2026-04-07T14:04:12+00:00\" \/>\n<meta name=\"twitter:card\" content=\"summary_large_image\" \/>\n<meta name=\"twitter:label1\" content=\"Tempo estimado de leitura\" \/>\n\t<meta name=\"twitter:data1\" content=\"1 minuto\" \/>\n<script type=\"application\/ld+json\" class=\"yoast-schema-graph\">{\"@context\":\"https:\\\/\\\/schema.org\",\"@graph\":[{\"@type\":\"WebPage\",\"@id\":\"https:\\\/\\\/www.agriberia.fr\\\/catalogue-de-produits-grecs\\\/\",\"url\":\"https:\\\/\\\/www.agriberia.fr\\\/catalogue-de-produits-grecs\\\/\",\"name\":\"Catalogue de produits grecs - Agriberia\",\"isPartOf\":{\"@id\":\"https:\\\/\\\/www.agriberia.fr\\\/#website\"},\"datePublished\":\"2026-04-07T10:22:47+00:00\",\"dateModified\":\"2026-04-07T14:04:12+00:00\",\"breadcrumb\":{\"@id\":\"https:\\\/\\\/www.agriberia.fr\\\/catalogue-de-produits-grecs\\\/#breadcrumb\"},\"inLanguage\":\"pt-PT\",\"potentialAction\":[{\"@type\":\"ReadAction\",\"target\":[\"https:\\\/\\\/www.agriberia.fr\\\/catalogue-de-produits-grecs\\\/\"]}]},{\"@type\":\"BreadcrumbList\",\"@id\":\"https:\\\/\\\/www.agriberia.fr\\\/catalogue-de-produits-grecs\\\/#breadcrumb\",\"itemListElement\":[{\"@type\":\"ListItem\",\"position\":1,\"name\":\"Accueil\",\"item\":\"https:\\\/\\\/www.agriberia.fr\\\/\"},{\"@type\":\"ListItem\",\"position\":2,\"name\":\"Catalogue de produits grecs\"}]},{\"@type\":\"WebSite\",\"@id\":\"https:\\\/\\\/www.agriberia.fr\\\/#website\",\"url\":\"https:\\\/\\\/www.agriberia.fr\\\/\",\"name\":\"Agriberia\",\"description\":\"Agriberia est une entreprise d&#039;import-export dans l&#039;agroalimentaire. De nombreux produits ib\u00e9rique (portugais, espagnol) sont a la carte.\",\"publisher\":{\"@id\":\"https:\\\/\\\/www.agriberia.fr\\\/#organization\"},\"potentialAction\":[{\"@type\":\"SearchAction\",\"target\":{\"@type\":\"EntryPoint\",\"urlTemplate\":\"https:\\\/\\\/www.agriberia.fr\\\/?s={search_term_string}\"},\"query-input\":{\"@type\":\"PropertyValueSpecification\",\"valueRequired\":true,\"valueName\":\"search_term_string\"}}],\"inLanguage\":\"pt-PT\"},{\"@type\":\"Organization\",\"@id\":\"https:\\\/\\\/www.agriberia.fr\\\/#organization\",\"name\":\"Agriberia\",\"url\":\"https:\\\/\\\/www.agriberia.fr\\\/\",\"logo\":{\"@type\":\"ImageObject\",\"inLanguage\":\"pt-PT\",\"@id\":\"https:\\\/\\\/www.agriberia.fr\\\/#\\\/schema\\\/logo\\\/image\\\/\",\"url\":\"https:\\\/\\\/www.agriberia.fr\\\/wp-content\\\/uploads\\\/2021\\\/06\\\/logo-agriberia-300x121-1.png\",\"contentUrl\":\"https:\\\/\\\/www.agriberia.fr\\\/wp-content\\\/uploads\\\/2021\\\/06\\\/logo-agriberia-300x121-1.png\",\"width\":300,\"height\":121,\"caption\":\"Agriberia\"},\"image\":{\"@id\":\"https:\\\/\\\/www.agriberia.fr\\\/#\\\/schema\\\/logo\\\/image\\\/\"},\"sameAs\":[\"https:\\\/\\\/fr-fr.facebook.com\\\/agriberia\\\/\",\"https:\\\/\\\/fr.linkedin.com\\\/company\\\/agriberia-importexport\"]}]}<\/script>\n<!-- \/ Yoast SEO plugin. -->","yoast_head_json":{"title":"Catalogue de produits grecs - Agriberia","robots":{"index":"index","follow":"follow","max-snippet":"max-snippet:-1","max-image-preview":"max-image-preview:large","max-video-preview":"max-video-preview:-1"},"canonical":"https:\/\/www.agriberia.fr\/pt\/catalogue-de-produits-grecs\/","og_locale":"pt_PT","og_type":"article","og_title":"Catalogue de produits grecs - Agriberia","og_description":"Nous avons le plaisir de vous partager notre gamme de produits grecs ! \u00c9picerie T\u00e9l\u00e9charger Si vous souhaitez consulter les produits des autres pays n&rsquo;h\u00e9sitez pas \u00e0 cliquez sur les boutons ci-dessous. Portugal Espagne Asiatiques","og_url":"https:\/\/www.agriberia.fr\/pt\/catalogue-de-produits-grecs\/","og_site_name":"Agriberia","article_publisher":"https:\/\/fr-fr.facebook.com\/agriberia\/","article_modified_time":"2026-04-07T14:04:12+00:00","twitter_card":"summary_large_image","twitter_misc":{"Tempo estimado de leitura":"1 minuto"},"schema":{"@context":"https:\/\/schema.org","@graph":[{"@type":"WebPage","@id":"https:\/\/www.agriberia.fr\/catalogue-de-produits-grecs\/","url":"https:\/\/www.agriberia.fr\/catalogue-de-produits-grecs\/","name":"Catalogue de produits grecs - Agriberia","isPartOf":{"@id":"https:\/\/www.agriberia.fr\/#website"},"datePublished":"2026-04-07T10:22:47+00:00","dateModified":"2026-04-07T14:04:12+00:00","breadcrumb":{"@id":"https:\/\/www.agriberia.fr\/catalogue-de-produits-grecs\/#breadcrumb"},"inLanguage":"pt-PT","potentialAction":[{"@type":"ReadAction","target":["https:\/\/www.agriberia.fr\/catalogue-de-produits-grecs\/"]}]},{"@type":"BreadcrumbList","@id":"https:\/\/www.agriberia.fr\/catalogue-de-produits-grecs\/#breadcrumb","itemListElement":[{"@type":"ListItem","position":1,"name":"Accueil","item":"https:\/\/www.agriberia.fr\/"},{"@type":"ListItem","position":2,"name":"Catalogue de produits grecs"}]},{"@type":"WebSite","@id":"https:\/\/www.agriberia.fr\/#website","url":"https:\/\/www.agriberia.fr\/","name":"Agriberia","description":"Agriberia est une entreprise d&#039;import-export dans l&#039;agroalimentaire. De nombreux produits ib\u00e9rique (portugais, espagnol) sont a la carte.","publisher":{"@id":"https:\/\/www.agriberia.fr\/#organization"},"potentialAction":[{"@type":"SearchAction","target":{"@type":"EntryPoint","urlTemplate":"https:\/\/www.agriberia.fr\/?s={search_term_string}"},"query-input":{"@type":"PropertyValueSpecification","valueRequired":true,"valueName":"search_term_string"}}],"inLanguage":"pt-PT"},{"@type":"Organization","@id":"https:\/\/www.agriberia.fr\/#organization","name":"Agriberia","url":"https:\/\/www.agriberia.fr\/","logo":{"@type":"ImageObject","inLanguage":"pt-PT","@id":"https:\/\/www.agriberia.fr\/#\/schema\/logo\/image\/","url":"https:\/\/www.agriberia.fr\/wp-content\/uploads\/2021\/06\/logo-agriberia-300x121-1.png","contentUrl":"https:\/\/www.agriberia.fr\/wp-content\/uploads\/2021\/06\/logo-agriberia-300x121-1.png","width":300,"height":121,"caption":"Agriberia"},"image":{"@id":"https:\/\/www.agriberia.fr\/#\/schema\/logo\/image\/"},"sameAs":["https:\/\/fr-fr.facebook.com\/agriberia\/","https:\/\/fr.linkedin.com\/company\/agriberia-importexport"]}]}},"_links":{"self":[{"href":"https:\/\/www.agriberia.fr\/pt\/wp-json\/wp\/v2\/pages\/1412","targetHints":{"allow":["GET"]}}],"collection":[{"href":"https:\/\/www.agriberia.fr\/pt\/wp-json\/wp\/v2\/pages"}],"about":[{"href":"https:\/\/www.agriberia.fr\/pt\/wp-json\/wp\/v2\/types\/page"}],"author":[{"embeddable":true,"href":"https:\/\/www.agriberia.fr\/pt\/wp-json\/wp\/v2\/users\/1"}],"replies":[{"embeddable":true,"href":"https:\/\/www.agriberia.fr\/pt\/wp-json\/wp\/v2\/comments?post=1412"}],"version-history":[{"count":70,"href":"https:\/\/www.agriberia.fr\/pt\/wp-json\/wp\/v2\/pages\/1412\/revisions"}],"predecessor-version":[{"id":1503,"href":"https:\/\/www.agriberia.fr\/pt\/wp-json\/wp\/v2\/pages\/1412\/revisions\/1503"}],"wp:attachment":[{"href":"https:\/\/www.agriberia.fr\/pt\/wp-json\/wp\/v2\/media?parent=1412"}],"curies":[{"name":"wp","href":"https:\/\/api.w.org\/{rel}","templated":true}]}}